{"id":4553,"date":"2022-12-23T21:13:16","date_gmt":"2022-12-23T21:13:16","guid":{"rendered":"https:\/\/nixlaw.com\/programa-de-asociado-de-verano\/"},"modified":"2024-07-13T11:34:51","modified_gmt":"2024-07-13T11:34:51","slug":"programa-de-asociado-de-verano","status":"publish","type":"page","link":"https:\/\/nixlaw.com\/es\/programa-de-asociado-de-verano\/","title":{"rendered":"Programa de Asociado de Verano"},"content":{"rendered":"\t\t<div data-elementor-type=\"wp-page\" data-elementor-id=\"4553\" class=\"elementor elementor-4553 elementor-1658\" data-elementor-post-type=\"page\">\n\t\t\t\t\t\t<section class=\"elementor-section elementor-top-section elementor-element elementor-element-106a4df4 elementor-hidden-mobile elementor-section-boxed elementor-section-height-default elementor-section-height-default\" data-id=\"106a4df4\" data-element_type=\"section\" data-e-type=\"section\" data-settings=\"{&quot;background_background&quot;:&quot;classic&quot;}\">\n\t\t\t\t\t\t<div class=\"elementor-container elementor-column-gap-default\">\n\t\t\t\t\t<div class=\"elementor-column elementor-col-100 elementor-top-column elementor-element elementor-element-71f79f6b\" data-id=\"71f79f6b\" data-element_type=\"column\" data-e-type=\"column\">\n\t\t\t<div class=\"elementor-widget-wrap elementor-element-populated\">\n\t\t\t\t\t\t<div class=\"elementor-element elementor-element-3bb86cdf elementor-widget elementor-widget-spacer\" data-id=\"3bb86cdf\" data-element_type=\"widget\" data-e-type=\"widget\" data-widget_type=\"spacer.default\">\n\t\t\t\t<div class=\"elementor-widget-container\">\n\t\t\t\t\t\t\t<div class=\"elementor-spacer\">\n\t\t\t<div class=\"elementor-spacer-inner\"><\/div>\n\t\t<\/div>\n\t\t\t\t\t\t<\/div>\n\t\t\t\t<\/div>\n\t\t\t\t\t<\/div>\n\t\t<\/div>\n\t\t\t\t\t<\/div>\n\t\t<\/section>\n\t\t\t\t<section class=\"elementor-section elementor-top-section elementor-element elementor-element-18406454 elementor-section-height-min-height elementor-section-boxed elementor-section-height-default elementor-section-items-middle\" data-id=\"18406454\" data-element_type=\"section\" data-e-type=\"section\" data-settings=\"{&quot;background_background&quot;:&quot;classic&quot;}\">\n\t\t\t\t\t\t\t<div class=\"elementor-background-overlay\"><\/div>\n\t\t\t\t\t\t\t<div class=\"elementor-container elementor-column-gap-wider\">\n\t\t\t\t\t<div class=\"elementor-column elementor-col-100 elementor-top-column elementor-element elementor-element-749d3e53\" data-id=\"749d3e53\" data-element_type=\"column\" data-e-type=\"column\">\n\t\t\t<div class=\"elementor-widget-wrap elementor-element-populated\">\n\t\t\t\t\t\t<div class=\"elementor-element elementor-element-e42ff27 elementor-invisible elementor-widget elementor-widget-heading\" data-id=\"e42ff27\" data-element_type=\"widget\" data-e-type=\"widget\" data-settings=\"{&quot;_animation&quot;:&quot;fadeInUp&quot;,&quot;_animation_delay&quot;:600}\" data-widget_type=\"heading.default\">\n\t\t\t\t<div class=\"elementor-widget-container\">\n\t\t\t\t\t<h1 class=\"elementor-heading-title elementor-size-default\">Programa de Asociado de Verano<\/h1>\t\t\t\t<\/div>\n\t\t\t\t<\/div>\n\t\t\t\t\t<\/div>\n\t\t<\/div>\n\t\t\t\t\t<\/div>\n\t\t<\/section>\n\t\t\t\t<section class=\"elementor-section elementor-top-section elementor-element elementor-element-61eba828 elementor-section-boxed elementor-section-height-default elementor-section-height-default\" data-id=\"61eba828\" data-element_type=\"section\" data-e-type=\"section\" data-settings=\"{&quot;background_background&quot;:&quot;classic&quot;}\">\n\t\t\t\t\t\t<div class=\"elementor-container elementor-column-gap-wider\">\n\t\t\t\t\t<div class=\"elementor-column elementor-col-100 elementor-top-column elementor-element elementor-element-ebacb10\" data-id=\"ebacb10\" data-element_type=\"column\" data-e-type=\"column\">\n\t\t\t<div class=\"elementor-widget-wrap elementor-element-populated\">\n\t\t\t\t\t\t<div class=\"elementor-element elementor-element-114e3719 elementor-widget__width-inherit elementor-invisible elementor-widget elementor-widget-heading\" data-id=\"114e3719\" data-element_type=\"widget\" data-e-type=\"widget\" data-settings=\"{&quot;_animation&quot;:&quot;fadeInDown&quot;}\" data-widget_type=\"heading.default\">\n\t\t\t\t<div class=\"elementor-widget-container\">\n\t\t\t\t\t<div class=\"elementor-heading-title elementor-size-default\">SUBE DE NIVEL TU EXPERIENCIA<\/div>\t\t\t\t<\/div>\n\t\t\t\t<\/div>\n\t\t\t\t<div class=\"elementor-element elementor-element-fee330e elementor-widget-divider--separator-type-pattern elementor-widget-divider--view-line elementor-widget elementor-widget-divider\" data-id=\"fee330e\" data-element_type=\"widget\" data-e-type=\"widget\" data-widget_type=\"divider.default\">\n\t\t\t\t<div class=\"elementor-widget-container\">\n\t\t\t\t\t\t\t<div class=\"elementor-divider\" style=\"--divider-pattern-url: url(&quot;data:image\/svg+xml,%3Csvg xmlns=&#039;http:\/\/www.w3.org\/2000\/svg&#039; preserveAspectRatio=&#039;none&#039; overflow=&#039;visible&#039; height=&#039;100%&#039; viewBox=&#039;0 0 20 16&#039; fill=&#039;none&#039; stroke=&#039;black&#039; stroke-width=&#039;1&#039; stroke-linecap=&#039;square&#039; stroke-miterlimit=&#039;10&#039;%3E%3Cg transform=&#039;translate(-12.000000, 0)&#039;%3E%3Cpath d=&#039;M28,0L10,18&#039;\/%3E%3Cpath d=&#039;M18,0L0,18&#039;\/%3E%3Cpath d=&#039;M48,0L30,18&#039;\/%3E%3Cpath d=&#039;M38,0L20,18&#039;\/%3E%3C\/g%3E%3C\/svg%3E&quot;);\">\n\t\t\t<span class=\"elementor-divider-separator\">\n\t\t\t\t\t\t<\/span>\n\t\t<\/div>\n\t\t\t\t\t\t<\/div>\n\t\t\t\t<\/div>\n\t\t\t\t<div class=\"elementor-element elementor-element-33afea44 elementor-invisible elementor-widget elementor-widget-heading\" data-id=\"33afea44\" data-element_type=\"widget\" data-e-type=\"widget\" data-settings=\"{&quot;_animation&quot;:&quot;fadeInDown&quot;}\" data-widget_type=\"heading.default\">\n\t\t\t\t<div class=\"elementor-widget-container\">\n\t\t\t\t\t<h2 class=\"elementor-heading-title elementor-size-default\">\u00danase a nuestro Programa de Asociados de Verano  <\/h2>\t\t\t\t<\/div>\n\t\t\t\t<\/div>\n\t\t\t\t<div class=\"elementor-element elementor-element-497ddd5a elementor-invisible elementor-widget elementor-widget-text-editor\" data-id=\"497ddd5a\" data-element_type=\"widget\" data-e-type=\"widget\" data-settings=\"{&quot;_animation&quot;:&quot;fadeInDown&quot;}\" data-widget_type=\"text-editor.default\">\n\t\t\t\t<div class=\"elementor-widget-container\">\n\t\t\t\t\t\t\t\t\t<p>Nuestro programa de verano es una oportunidad para que nos conozca mejor, experimente nuestra cultura y descubra c\u00f3mo es ser abogado en Nix Patterson. Ofrecemos puestos de asociado de verano a estudiantes de derecho calificados que est\u00e9n interesados en dar forma a sus carreras a trav\u00e9s de un trabajo sustantivo e impactante. Nuestros asociados de verano pasan al menos seis semanas con la firma bajo la gu\u00eda de nuestros socios, teniendo la oportunidad de participar en todo el espectro de nuestro trabajo desde el primer d\u00eda. Esto incluye la preparaci\u00f3n y asistencia a declaraciones, audiencias y juicios con nuestros litigantes, as\u00ed como la contribuci\u00f3n a proyectos significativos de investigaci\u00f3n y redacci\u00f3n.<\/p>\n<p>Cuando pase el verano con nosotros, se unir\u00e1 a una cultura orientada al equipo, respaldada por abogados y nuestro personal de clase mundial. Fuera de la oficina, tendr\u00e1s la oportunidad de conectarte con tus colegas a trav\u00e9s de varios eventos sociales y salidas. Terminar\u00e1 su verano en Nix Patterson no solo con una comprensi\u00f3n de los tipos de casos complejos que litigamos, sino tambi\u00e9n con la forma en que trabajamos juntos como un equipo cerrado para lograr resultados reconocidos a nivel nacional.<\/p>\n<p>Para solicitar o para obtener m\u00e1s informaci\u00f3n, env\u00edenos un correo electr\u00f3nico a <span \n                data-original-string='0d\/WGRa+bjDiqvovis8p0g==850s9bRItOXAdVGa2eZK0Pgvw0LfsQxR2c9fB+cMWgfhdw='\n                class='apbct-email-encoder'\n                title='This contact has been encoded by Anti-Spam by CleanTalk. Click to decode. To finish the decoding make sure that JavaScript is enabled in your browser.'>re<span class=\"apbct-blur\">*****<\/span>@<span class=\"apbct-blur\">****<\/span>aw.com<\/span><a href=\"mailto:cy******@****aw.com\" data-original-string=\"hc2Z+R7kMWgy5\/azy1wR7A==8508GNGq7MyI\/v+5eglqYK9jLXf4NZMog9waIXtzzk7lmc=\" title=\"This contact has been encoded by Anti-Spam by CleanTalk. Click to decode. To finish the decoding make sure that JavaScript is enabled in your browser.\" style=\"font-family: var( --e-global-typography-primary-font-family ), Sans-serif; font-size: var( --e-global-typography-primary-font-size ); letter-spacing: var( --e-global-typography-primary-letter-spacing );\">.<\/a><\/p>\t\t\t\t\t\t\t\t<\/div>\n\t\t\t\t<\/div>\n\t\t\t\t\t<\/div>\n\t\t<\/div>\n\t\t\t\t\t<\/div>\n\t\t<\/section>\n\t\t\t\t<\/div>\n\t\t","protected":false},"excerpt":{"rendered":"<p>Programa de Asociado de Verano SUBE DE NIVEL TU EXPERIENCIA \u00danase a nuestro Programa de Asociados de Verano Nuestro programa de verano es una oportunidad para que nos conozca mejor, experimente nuestra cultura y descubra c\u00f3mo es ser abogado en Nix Patterson. Ofrecemos puestos de asociado de verano a estudiantes de derecho calificados que est\u00e9n [&hellip;]<\/p>\n","protected":false},"author":1,"featured_media":0,"parent":0,"menu_order":0,"comment_status":"closed","ping_status":"closed","template":"","meta":{"_acf_changed":false,"footnotes":""},"class_list":["post-4553","page","type-page","status-publish","hentry"],"acf":[],"yoast_head":"<!-- This site is optimized with the Yoast SEO plugin v27.5 - https:\/\/yoast.com\/product\/yoast-seo-wordpress\/ -->\n<title>Programa de Asociado de Verano | Nix Patterson, LLP<\/title>\n<meta name=\"description\" content=\"Nix Patterson ofrece puestos de asociado de verano a estudiantes de derecho calificados que est\u00e9n interesados en dar forma a sus carreras a trav\u00e9s de un trabajo sustantivo e impactante.\" \/>\n<meta name=\"robots\" content=\"index, follow, max-snippet:-1, max-image-preview:large, max-video-preview:-1\" \/>\n<link rel=\"canonical\" href=\"https:\/\/nixlaw.com\/es\/programa-de-asociado-de-verano\/\" \/>\n<meta property=\"og:locale\" content=\"es_ES\" \/>\n<meta property=\"og:type\" content=\"article\" \/>\n<meta property=\"og:title\" content=\"Programa de Asociado de Verano | Nix Patterson, LLP\" \/>\n<meta property=\"og:description\" content=\"Nix Patterson ofrece puestos de asociado de verano a estudiantes de derecho calificados que est\u00e9n interesados en dar forma a sus carreras a trav\u00e9s de un trabajo sustantivo e impactante.\" \/>\n<meta property=\"og:url\" content=\"https:\/\/nixlaw.com\/es\/programa-de-asociado-de-verano\/\" \/>\n<meta property=\"og:site_name\" content=\"Nix Patterson, LLP\" \/>\n<meta property=\"article:publisher\" content=\"https:\/\/www.facebook.com\/Nix-Patterson-Roach-LLP-560328770976672\/\" \/>\n<meta property=\"article:modified_time\" content=\"2024-07-13T11:34:51+00:00\" \/>\n<meta property=\"og:image\" content=\"https:\/\/nixlaw.com\/wp-content\/uploads\/2022\/12\/Screen-Shot-2022-12-23-at-11.58.57-AM.png\" \/>\n\t<meta property=\"og:image:width\" content=\"1522\" \/>\n\t<meta property=\"og:image:height\" content=\"940\" \/>\n\t<meta property=\"og:image:type\" content=\"image\/png\" \/>\n<meta name=\"twitter:card\" content=\"summary_large_image\" \/>\n<meta name=\"twitter:label1\" content=\"Tiempo de lectura\" \/>\n\t<meta name=\"twitter:data1\" content=\"1 minuto\" \/>\n<!-- \/ Yoast SEO plugin. -->","yoast_head_json":{"title":"Programa de Asociado de Verano | Nix Patterson, LLP","description":"Nix Patterson ofrece puestos de asociado de verano a estudiantes de derecho calificados que est\u00e9n interesados en dar forma a sus carreras a trav\u00e9s de un trabajo sustantivo e impactante.","robots":{"index":"index","follow":"follow","max-snippet":"max-snippet:-1","max-image-preview":"max-image-preview:large","max-video-preview":"max-video-preview:-1"},"canonical":"https:\/\/nixlaw.com\/es\/programa-de-asociado-de-verano\/","og_locale":"es_ES","og_type":"article","og_title":"Programa de Asociado de Verano | Nix Patterson, LLP","og_description":"Nix Patterson ofrece puestos de asociado de verano a estudiantes de derecho calificados que est\u00e9n interesados en dar forma a sus carreras a trav\u00e9s de un trabajo sustantivo e impactante.","og_url":"https:\/\/nixlaw.com\/es\/programa-de-asociado-de-verano\/","og_site_name":"Nix Patterson, LLP","article_publisher":"https:\/\/www.facebook.com\/Nix-Patterson-Roach-LLP-560328770976672\/","article_modified_time":"2024-07-13T11:34:51+00:00","og_image":[{"width":1522,"height":940,"url":"https:\/\/nixlaw.com\/wp-content\/uploads\/2022\/12\/Screen-Shot-2022-12-23-at-11.58.57-AM.png","type":"image\/png"}],"twitter_card":"summary_large_image","twitter_misc":{"Tiempo de lectura":"1 minuto"},"schema":{"@context":"https:\/\/schema.org","@graph":[{"@type":"WebPage","@id":"https:\/\/nixlaw.com\/es\/programa-de-asociado-de-verano\/","url":"https:\/\/nixlaw.com\/es\/programa-de-asociado-de-verano\/","name":"Programa de Asociado de Verano | Nix Patterson, LLP","isPartOf":{"@id":"https:\/\/nixlaw.com\/#website"},"datePublished":"2022-12-23T21:13:16+00:00","dateModified":"2024-07-13T11:34:51+00:00","description":"Nix Patterson ofrece puestos de asociado de verano a estudiantes de derecho calificados que est\u00e9n interesados en dar forma a sus carreras a trav\u00e9s de un trabajo sustantivo e impactante.","breadcrumb":{"@id":"https:\/\/nixlaw.com\/es\/programa-de-asociado-de-verano\/#breadcrumb"},"inLanguage":"es","potentialAction":[{"@type":"ReadAction","target":["https:\/\/nixlaw.com\/es\/programa-de-asociado-de-verano\/"]}]},{"@type":"BreadcrumbList","@id":"https:\/\/nixlaw.com\/es\/programa-de-asociado-de-verano\/#breadcrumb","itemListElement":[{"@type":"ListItem","position":1,"name":"Nix Patterson, LLP","item":"https:\/\/nixlaw.com\/es\/"},{"@type":"ListItem","position":2,"name":"Programa de Asociado de Verano"}]},{"@type":"WebSite","@id":"https:\/\/nixlaw.com\/#website","url":"https:\/\/nixlaw.com\/","name":"Nix Patterson, LLP","description":"A national contingency fee law firm providing litigation strategies and solutions","publisher":{"@id":"https:\/\/nixlaw.com\/#organization"},"alternateName":"Nix Law","potentialAction":[{"@type":"SearchAction","target":{"@type":"EntryPoint","urlTemplate":"https:\/\/nixlaw.com\/?s={search_term_string}"},"query-input":{"@type":"PropertyValueSpecification","valueRequired":true,"valueName":"search_term_string"}}],"inLanguage":"es"},{"@type":"Organization","@id":"https:\/\/nixlaw.com\/#organization","name":"Nix Patterson, LLP","url":"https:\/\/nixlaw.com\/","logo":{"@type":"ImageObject","inLanguage":"es","@id":"https:\/\/nixlaw.com\/#\/schema\/logo\/image\/","url":"https:\/\/nixlaw.com\/wp-content\/uploads\/2022\/12\/cropped-nix-logo-vector-logo-tag.webp","contentUrl":"https:\/\/nixlaw.com\/wp-content\/uploads\/2022\/12\/cropped-nix-logo-vector-logo-tag.webp","width":1198,"height":272,"caption":"Nix Patterson, LLP"},"image":{"@id":"https:\/\/nixlaw.com\/#\/schema\/logo\/image\/"},"sameAs":["https:\/\/www.facebook.com\/Nix-Patterson-Roach-LLP-560328770976672\/","https:\/\/www.linkedin.com\/company\/11394755\/"]}]}},"_links":{"self":[{"href":"https:\/\/nixlaw.com\/es\/wp-json\/wp\/v2\/pages\/4553","targetHints":{"allow":["GET"]}}],"collection":[{"href":"https:\/\/nixlaw.com\/es\/wp-json\/wp\/v2\/pages"}],"about":[{"href":"https:\/\/nixlaw.com\/es\/wp-json\/wp\/v2\/types\/page"}],"author":[{"embeddable":true,"href":"https:\/\/nixlaw.com\/es\/wp-json\/wp\/v2\/users\/1"}],"replies":[{"embeddable":true,"href":"https:\/\/nixlaw.com\/es\/wp-json\/wp\/v2\/comments?post=4553"}],"version-history":[{"count":0,"href":"https:\/\/nixlaw.com\/es\/wp-json\/wp\/v2\/pages\/4553\/revisions"}],"wp:attachment":[{"href":"https:\/\/nixlaw.com\/es\/wp-json\/wp\/v2\/media?parent=4553"}],"curies":[{"name":"wp","href":"https:\/\/api.w.org\/{rel}","templated":true}]}}