{"id":4820,"date":"2022-12-21T23:18:24","date_gmt":"2022-12-21T23:18:24","guid":{"rendered":"https:\/\/nixlaw.com\/privacidad\/"},"modified":"2024-03-14T14:35:06","modified_gmt":"2024-03-14T14:35:06","slug":"privacidad","status":"publish","type":"page","link":"https:\/\/nixlaw.com\/es\/privacidad\/","title":{"rendered":"Privacidad"},"content":{"rendered":"\t\t<div data-elementor-type=\"wp-page\" data-elementor-id=\"4820\" class=\"elementor elementor-4820 elementor-1593\" data-elementor-post-type=\"page\">\n\t\t\t\t\t\t<section class=\"elementor-section elementor-top-section elementor-element elementor-element-472c3ca elementor-section-boxed elementor-section-height-default elementor-section-height-default\" data-id=\"472c3ca\" data-element_type=\"section\" data-e-type=\"section\">\n\t\t\t\t\t\t<div class=\"elementor-container elementor-column-gap-default\">\n\t\t\t\t\t<div class=\"elementor-column elementor-col-100 elementor-top-column elementor-element elementor-element-c947a6b\" data-id=\"c947a6b\" data-element_type=\"column\" data-e-type=\"column\">\n\t\t\t<div class=\"elementor-widget-wrap elementor-element-populated\">\n\t\t\t\t\t\t<div class=\"elementor-element elementor-element-bb9e2ca elementor-widget elementor-widget-heading\" data-id=\"bb9e2ca\" data-element_type=\"widget\" data-e-type=\"widget\" data-widget_type=\"heading.default\">\n\t\t\t\t<div class=\"elementor-widget-container\">\n\t\t\t\t\t<h1 class=\"elementor-heading-title elementor-size-default\">Pol\u00edtica de privacidad<\/h1>\t\t\t\t<\/div>\n\t\t\t\t<\/div>\n\t\t\t\t<div class=\"elementor-element elementor-element-6e2a619 elementor-widget elementor-widget-text-editor\" data-id=\"6e2a619\" data-element_type=\"widget\" data-e-type=\"widget\" data-widget_type=\"text-editor.default\">\n\t\t\t\t<div class=\"elementor-widget-container\">\n\t\t\t\t\t\t\t\t\t<p><strong>T\u00c9RMINOS DE SERVICIO, AVISO Y EXENCIONES DE RESPONSABILIDAD<\/strong><\/p>\n<p style=\"font-weight: 400;\"><strong>T\u00e9rminos de servicio<\/strong><\/p>\n<p style=\"font-weight: 400;\">Al utilizar este sitio web, usted acepta estar sujeto y cumplir con estos t\u00e9rminos de servicio y uso. El contenido de este sitio web est\u00e1 destinado a transmitir informaci\u00f3n general sobre Nix Patterson, LLP. No se debe confiar en \u00e9l como asesoramiento legal. No es una oferta para representarlo y no tiene la intenci\u00f3n de crear una relaci\u00f3n abogado-cliente. Nix Patterson no patrocina, respalda, verifica ni garantiza la exactitud de la informaci\u00f3n que se encuentra en sitios externos o enlaces en este sitio. El contenido de cualquier formulario de contacto o correo electr\u00f3nico enviado a Nix Patterson o a sus abogados o personal a las direcciones de correo electr\u00f3nico de este sitio web no crear\u00e1 una relaci\u00f3n abogado-cliente y no tendr\u00e1 derecho a un tratamiento confidencial. Se proh\u00edben todos los usos de los contenidos de este sitio, que no sean usos personales. Nix Patterson no tiene la intenci\u00f3n de que este sitio web o la informaci\u00f3n proporcionada se utilicen fuera de las jurisdicciones donde los abogados de Nix Patterson est\u00e1n admitidos para ejercer la abogac\u00eda.<\/p>\n<p style=\"font-weight: 400;\"><strong>Declaraci\u00f3n sobre los abogados<\/strong><\/p>\n<p style=\"font-weight: 400;\">Nix Patterson cuenta con abogados de tiempo completo en las oficinas que figuran en este sitio web. A menos que se indique lo contrario en el perfil de un abogado individual, los abogados que figuran en este sitio web no est\u00e1n certificados por la Junta de Especializaci\u00f3n Legal de Texas. Los abogados que figuran en este sitio web est\u00e1n autorizados a ejercer solo en las jurisdicciones enumeradas en su perfil.<\/p>\n<p style=\"font-weight: 400;\"><strong>Declaraci\u00f3n sobre los casos representativos<\/strong><\/p>\n<p style=\"font-weight: 400;\">La informaci\u00f3n, los datos y las descripciones en este sitio web con respecto a casos y resultados pasados no son indicativos de resultados futuros, y no se proporciona ninguna garant\u00eda con respecto al resultado de ning\u00fan caso, escenario de hecho o circunstancia. Adem\u00e1s, es posible que la informaci\u00f3n de este sitio web no refleje los desarrollos legales, veredictos o acuerdos m\u00e1s recientes y no debe considerarse una indicaci\u00f3n de resultados futuros.<\/p>\n<p style=\"font-weight: 400;\"><strong>Declaraci\u00f3n sobre los acuerdos de honorarios de contingencia<\/strong><\/p>\n<p style=\"font-weight: 400;\">Nix Patterson se enorgullece de su capacidad para adelantar costos y honorarios en nombre de sus clientes, independientemente del tama\u00f1o del caso. Cada caso y cada cliente puede requerir un acuerdo distinto entre Nix Patterson y el cliente para satisfacer mejor las necesidades del cliente y las necesidades del litigio. Nix Patterson negocia honorarios de contingencia con sus clientes caso por caso en funci\u00f3n de los hechos y circunstancias particulares del asunto. Nix Patterson no tiene un porcentaje fijo de honorarios o un rango de porcentajes de honorarios para los honorarios de contingencia. Si se mantiene por hora, las tarifas por hora de Nix Patterson oscilan entre $1,000 y $1,500 por hora para los socios, entre $500 y $900 por hora para los asociados senior, entre $300 y $600 por hora para los asociados y entre $200 y $400 por hora para los asistentes legales y asistentes legales. Nix Patterson cobra honorarios de contingencia que son normales y habituales para el tama\u00f1o y el alcance del litigio perseguido, pero var\u00edan seg\u00fan el caso. Aunque cada acuerdo puede variar, Nix Patterson tradicionalmente adelanta todos los costos y honorarios necesarios para llevar el asunto a conclusi\u00f3n, y luego se le paga a Nix Patterson la tarifa de contingencia acordada <em>antes<\/em> de la deducci\u00f3n de los costos y gastos incurridos por Nix Patterson. En otras palabras, el reembolso de los costos y gastos incurridos por Nix Patterson generalmente se recupera de la parte del cliente de cualquier veredicto o acuerdo; siempre que, sin embargo, el contrato de Nix Patterson con cada cliente controle esta declaraci\u00f3n general en caso de conflicto.<\/p>\n<p style=\"font-weight: 400;\"><strong>Declaraci\u00f3n sobre las demandas colectivas<\/strong><\/p>\n<p style=\"font-weight: 400;\">Nix Patterson est\u00e1 excepcionalmente orgulloso de las recuperaciones que ha logrado para sus clientes a lo largo de los a\u00f1os. Muchas de nuestras recuperaciones significativas han sido en litigios colectivos. Las demandas colectivas son una forma de litigio agregado en la que las reclamaciones de muchas personas son litigadas por &#8220;representantes de la clase&#8221; que son aprobados por el tribunal. La cantidad recuperada por los miembros del grupo en una demanda colectiva depende del tipo de da\u00f1o que se busca reparar, las reclamaciones presentadas y los da\u00f1os y perjuicios buscados en el caso, el \u00e9xito del caso y los t\u00e9rminos del acuerdo, todos los cuales var\u00edan seg\u00fan el caso. Los honorarios de los abogados y los gastos de litigio se toman de la cantidad total recuperada en nombre de la clase en la mayor\u00eda de los casos, aunque en algunos casos, los honorarios de los abogados han sido pagados directamente a la firma por los demandados, adem\u00e1s de la cantidad recuperada por la clase. Todos los acuerdos de demandas colectivas reciben una rigurosa revisi\u00f3n judicial para garantizar su imparcialidad con la clase antes de que finalmente se aprueben y las adjudicaciones se distribuyan a los clientes y los honorarios a los abogados. Nix Patterson nunca ha recibido honorarios de abogados de una demanda colectiva certificada sin la aprobaci\u00f3n del tribunal.<\/p>\n<p style=\"font-weight: 400;\"><strong>Nix Patterson Publicaciones y derechos de autor<\/strong><\/p>\n<p style=\"font-weight: 400;\">Las publicaciones de Nix Patterson no deben interpretarse como asesoramiento legal con respecto a ning\u00fan caso, problema legal, hecho o circunstancia espec\u00edfica. Las publicaciones de Nix Patterson est\u00e1n destinadas \u00fanicamente a fines de informaci\u00f3n general y no pueden ser citadas ni mencionadas en ninguna otra publicaci\u00f3n o procedimiento sin el consentimiento previo por escrito de Nix Patterson. Nix Patterson incluye alegatos, an\u00e1lisis legales y contenido original en este sitio web sobre el cual Nix Patterson posee los derechos de autor. A los usuarios se les permite ver y descargar esta informaci\u00f3n protegida por derechos de autor, pero no se les permite volver a publicar la informaci\u00f3n, usarla con fines de litigio o reclamar el producto de trabajo original de Nix Patterson como propio. Nix Patterson proh\u00edbe expresamente el uso de su producto de trabajo original, incluidos los alegatos legales, para su uso en cualquier presentaci\u00f3n judicial, demanda o arbitraje. Si desea utilizar los contenidos de este sitio web para cualquier prop\u00f3sito no autorizado, solicite permiso utilizando la pesta\u00f1a &#8220;Contacto&#8221;.<\/p>\n<p style=\"font-weight: 400;\"><strong>Enlaces desde este sitio web<\/strong><\/p>\n<p style=\"font-weight: 400;\">Los enlaces que se encuentran dentro de nuestro sitio web pueden conducir a otros sitios web. Estos enlaces existen para proporcionar informaci\u00f3n adicional y para la comodidad de nuestros visitantes. Nix Patterson no necesariamente respalda, patrocina o aprueba estos materiales vinculados y no controla ni garantiza la exactitud, puntualidad o integridad de la informaci\u00f3n contenida en estos enlaces.<\/p>\n<p style=\"font-weight: 400;\">Nix, Patterson, LLP es una sociedad de responsabilidad limitada registrada. La ubicaci\u00f3n de la oficina principal es Austin, Texas.  <\/p>\n<p style=\"font-weight: 400;\"><strong>Declaraci\u00f3n sobre los formularios de contacto y el correo electr\u00f3nico<\/strong><\/p>\n<p style=\"font-weight: 400;\">Cualquier comunicaci\u00f3n con Nix Patterson a trav\u00e9s de formularios de contacto o correo electr\u00f3nico a trav\u00e9s de este sitio web no constituye ni crea una relaci\u00f3n abogado-cliente con Nix Patterson. Por favor, no env\u00ede ninguna informaci\u00f3n confidencial. Adem\u00e1s de una reuni\u00f3n en persona o telef\u00f3nica, Nix Patterson debe completar un procedimiento de conflicto de intereses antes de establecer una relaci\u00f3n abogado-cliente. Cuando haya ejecutado un contrato de honorarios o una carta de compromiso de Nix Patterson, ser\u00e1 cliente de Nix Patterson y podr\u00e1 intercambiar informaci\u00f3n libremente con los abogados de Nix Patterson.<\/p>\n<p style=\"font-weight: 400;\">Al hacer clic en &#8220;Enviar&#8221; en nuestro formulario de contacto que se encuentra en el sitio web de Nix Patterson, usted acepta nuestros T\u00e9rminos de servicio y acepta que podemos revisar cualquier informaci\u00f3n que nos transmita. Usted reconoce que nuestra revisi\u00f3n de la informaci\u00f3n enviada, incluso si es altamente confidencial y se transmite en un esfuerzo de buena fe para retener a Nix Patterson, no nos impide representar a otro cliente directamente adverso a usted, incluso en un asunto en el que esa informaci\u00f3n podr\u00eda y ser\u00e1 utilizada en su contra.<\/p>\n<p style=\"font-weight: 400;\">Si desea discutir la posibilidad de representaci\u00f3n legal, puede solicitar una consulta a trav\u00e9s del formulario de contacto o correo electr\u00f3nico o llamando a una de nuestras oficinas.<\/p>\n<p style=\"font-weight: 400;\">\u00a9 2023 Nix, Patterson, LLP. Todos los derechos reservados.<\/p>\n\t\t\t\t\t\t\t\t<\/div>\n\t\t\t\t<\/div>\n\t\t\t\t\t<\/div>\n\t\t<\/div>\n\t\t\t\t\t<\/div>\n\t\t<\/section>\n\t\t\t\t<\/div>\n\t\t","protected":false},"excerpt":{"rendered":"<p>Pol\u00edtica de privacidad T\u00c9RMINOS DE SERVICIO, AVISO Y EXENCIONES DE RESPONSABILIDAD T\u00e9rminos de servicio Al utilizar este sitio web, usted acepta estar sujeto y cumplir con estos t\u00e9rminos de servicio y uso. El contenido de este sitio web est\u00e1 destinado a transmitir informaci\u00f3n general sobre Nix Patterson, LLP. No se debe confiar en \u00e9l como [&hellip;]<\/p>\n","protected":false},"author":1,"featured_media":0,"parent":0,"menu_order":0,"comment_status":"closed","ping_status":"closed","template":"","meta":{"_acf_changed":false,"footnotes":""},"class_list":["post-4820","page","type-page","status-publish","hentry"],"acf":[],"yoast_head":"<!-- This site is optimized with the Yoast SEO plugin v27.5 - https:\/\/yoast.com\/product\/yoast-seo-wordpress\/ -->\n<title>Privacidad | Nix Patterson, LLP<\/title>\n<meta name=\"description\" content=\"Al utilizar este sitio web, usted acepta estar sujeto y cumplir con estos t\u00e9rminos de servicio y uso. El contenido de este sitio web est\u00e1 destinado a transmitir informaci\u00f3n general sobre Nix Patterson, LLP. No se debe confiar en \u00e9l como asesoramiento legal.\" \/>\n<meta name=\"robots\" content=\"index, follow, max-snippet:-1, max-image-preview:large, max-video-preview:-1\" \/>\n<link rel=\"canonical\" href=\"https:\/\/nixlaw.com\/es\/privacidad\/\" \/>\n<meta property=\"og:locale\" content=\"es_ES\" \/>\n<meta property=\"og:type\" content=\"article\" \/>\n<meta property=\"og:title\" content=\"Privacidad | Nix Patterson, LLP\" \/>\n<meta property=\"og:description\" content=\"Al utilizar este sitio web, usted acepta estar sujeto y cumplir con estos t\u00e9rminos de servicio y uso. El contenido de este sitio web est\u00e1 destinado a transmitir informaci\u00f3n general sobre Nix Patterson, LLP. No se debe confiar en \u00e9l como asesoramiento legal.\" \/>\n<meta property=\"og:url\" content=\"https:\/\/nixlaw.com\/es\/privacidad\/\" \/>\n<meta property=\"og:site_name\" content=\"Nix Patterson, LLP\" \/>\n<meta property=\"article:publisher\" content=\"https:\/\/www.facebook.com\/Nix-Patterson-Roach-LLP-560328770976672\/\" \/>\n<meta property=\"article:modified_time\" content=\"2024-03-14T14:35:06+00:00\" \/>\n<meta property=\"og:image\" content=\"https:\/\/nixlaw.com\/wp-content\/uploads\/2022\/12\/Screen-Shot-2022-12-23-at-11.58.57-AM.png\" \/>\n\t<meta property=\"og:image:width\" content=\"1522\" \/>\n\t<meta property=\"og:image:height\" content=\"940\" \/>\n\t<meta property=\"og:image:type\" content=\"image\/png\" \/>\n<meta name=\"twitter:card\" content=\"summary_large_image\" \/>\n<meta name=\"twitter:label1\" content=\"Tiempo de lectura\" \/>\n\t<meta name=\"twitter:data1\" content=\"7 minutos\" \/>\n<!-- \/ Yoast SEO plugin. -->","yoast_head_json":{"title":"Privacidad | Nix Patterson, LLP","description":"Al utilizar este sitio web, usted acepta estar sujeto y cumplir con estos t\u00e9rminos de servicio y uso. El contenido de este sitio web est\u00e1 destinado a transmitir informaci\u00f3n general sobre Nix Patterson, LLP. No se debe confiar en \u00e9l como asesoramiento legal.","robots":{"index":"index","follow":"follow","max-snippet":"max-snippet:-1","max-image-preview":"max-image-preview:large","max-video-preview":"max-video-preview:-1"},"canonical":"https:\/\/nixlaw.com\/es\/privacidad\/","og_locale":"es_ES","og_type":"article","og_title":"Privacidad | Nix Patterson, LLP","og_description":"Al utilizar este sitio web, usted acepta estar sujeto y cumplir con estos t\u00e9rminos de servicio y uso. El contenido de este sitio web est\u00e1 destinado a transmitir informaci\u00f3n general sobre Nix Patterson, LLP. No se debe confiar en \u00e9l como asesoramiento legal.","og_url":"https:\/\/nixlaw.com\/es\/privacidad\/","og_site_name":"Nix Patterson, LLP","article_publisher":"https:\/\/www.facebook.com\/Nix-Patterson-Roach-LLP-560328770976672\/","article_modified_time":"2024-03-14T14:35:06+00:00","og_image":[{"width":1522,"height":940,"url":"https:\/\/nixlaw.com\/wp-content\/uploads\/2022\/12\/Screen-Shot-2022-12-23-at-11.58.57-AM.png","type":"image\/png"}],"twitter_card":"summary_large_image","twitter_misc":{"Tiempo de lectura":"7 minutos"},"schema":{"@context":"https:\/\/schema.org","@graph":[{"@type":"WebPage","@id":"https:\/\/nixlaw.com\/es\/privacidad\/","url":"https:\/\/nixlaw.com\/es\/privacidad\/","name":"Privacidad | Nix Patterson, LLP","isPartOf":{"@id":"https:\/\/nixlaw.com\/#website"},"datePublished":"2022-12-21T23:18:24+00:00","dateModified":"2024-03-14T14:35:06+00:00","description":"Al utilizar este sitio web, usted acepta estar sujeto y cumplir con estos t\u00e9rminos de servicio y uso. El contenido de este sitio web est\u00e1 destinado a transmitir informaci\u00f3n general sobre Nix Patterson, LLP. No se debe confiar en \u00e9l como asesoramiento legal.","breadcrumb":{"@id":"https:\/\/nixlaw.com\/es\/privacidad\/#breadcrumb"},"inLanguage":"es","potentialAction":[{"@type":"ReadAction","target":["https:\/\/nixlaw.com\/es\/privacidad\/"]}]},{"@type":"BreadcrumbList","@id":"https:\/\/nixlaw.com\/es\/privacidad\/#breadcrumb","itemListElement":[{"@type":"ListItem","position":1,"name":"Nix Patterson, LLP","item":"https:\/\/nixlaw.com\/es\/"},{"@type":"ListItem","position":2,"name":"Privacidad"}]},{"@type":"WebSite","@id":"https:\/\/nixlaw.com\/#website","url":"https:\/\/nixlaw.com\/","name":"Nix Patterson, LLP","description":"A national contingency fee law firm providing litigation strategies and solutions","publisher":{"@id":"https:\/\/nixlaw.com\/#organization"},"alternateName":"Nix Law","potentialAction":[{"@type":"SearchAction","target":{"@type":"EntryPoint","urlTemplate":"https:\/\/nixlaw.com\/?s={search_term_string}"},"query-input":{"@type":"PropertyValueSpecification","valueRequired":true,"valueName":"search_term_string"}}],"inLanguage":"es"},{"@type":"Organization","@id":"https:\/\/nixlaw.com\/#organization","name":"Nix Patterson, LLP","url":"https:\/\/nixlaw.com\/","logo":{"@type":"ImageObject","inLanguage":"es","@id":"https:\/\/nixlaw.com\/#\/schema\/logo\/image\/","url":"https:\/\/nixlaw.com\/wp-content\/uploads\/2022\/12\/cropped-nix-logo-vector-logo-tag.webp","contentUrl":"https:\/\/nixlaw.com\/wp-content\/uploads\/2022\/12\/cropped-nix-logo-vector-logo-tag.webp","width":1198,"height":272,"caption":"Nix Patterson, LLP"},"image":{"@id":"https:\/\/nixlaw.com\/#\/schema\/logo\/image\/"},"sameAs":["https:\/\/www.facebook.com\/Nix-Patterson-Roach-LLP-560328770976672\/","https:\/\/www.linkedin.com\/company\/11394755\/"]}]}},"_links":{"self":[{"href":"https:\/\/nixlaw.com\/es\/wp-json\/wp\/v2\/pages\/4820","targetHints":{"allow":["GET"]}}],"collection":[{"href":"https:\/\/nixlaw.com\/es\/wp-json\/wp\/v2\/pages"}],"about":[{"href":"https:\/\/nixlaw.com\/es\/wp-json\/wp\/v2\/types\/page"}],"author":[{"embeddable":true,"href":"https:\/\/nixlaw.com\/es\/wp-json\/wp\/v2\/users\/1"}],"replies":[{"embeddable":true,"href":"https:\/\/nixlaw.com\/es\/wp-json\/wp\/v2\/comments?post=4820"}],"version-history":[{"count":0,"href":"https:\/\/nixlaw.com\/es\/wp-json\/wp\/v2\/pages\/4820\/revisions"}],"wp:attachment":[{"href":"https:\/\/nixlaw.com\/es\/wp-json\/wp\/v2\/media?parent=4820"}],"curies":[{"name":"wp","href":"https:\/\/api.w.org\/{rel}","templated":true}]}}