{"id":5531,"date":"2024-09-12T05:28:54","date_gmt":"2024-09-12T05:28:54","guid":{"rendered":"https:\/\/nixlaw.com\/sala-de-prensa\/brad-beckworth-defiende-a-connor-stalions-de-las-acusaciones-de-la-ncaa-en-un-caso-de-robo-de-senas-de-alto-perfil\/"},"modified":"2024-11-26T08:29:29","modified_gmt":"2024-11-26T08:29:29","slug":"brad-beckworth-defiende-a-connor-stalions-de-las-acusaciones-de-la-ncaa-en-un-caso-de-robo-de-senas-de-alto-perfil","status":"publish","type":"page","link":"https:\/\/nixlaw.com\/es\/sala-de-prensa\/brad-beckworth-defiende-a-connor-stalions-de-las-acusaciones-de-la-ncaa-en-un-caso-de-robo-de-senas-de-alto-perfil\/","title":{"rendered":"Beckworth Defends Connor Stalions in NCAA Sign-Stealing Case"},"content":{"rendered":"\r\n<h2 class=\"wp-block-heading\">Abogado impugna investigaci\u00f3n de la NCAA por sesgada e injusta, afirma que el cliente es un chivo expiatorio<\/h2>\r\n\r\n\r\n\r\n<p>El abogado Brad Beckworth, junto con Nathan Hall, representa a Connor Stalions, el ex miembro del personal de Michigan enredado en una investigaci\u00f3n de la NCAA sobre presuntas violaciones de robo de se\u00f1as. En respuesta a la notificaci\u00f3n formal de acusaciones de la NCAA, Beckworth y Hall han criticado la investigaci\u00f3n como &#8220;unilateral&#8221; y &#8220;sesgada&#8221;, argumentando que tiene como objetivo empa\u00f1ar a Michigan y a su entrenador, Jim Harbaugh. Stalions est\u00e1 acusado de violar las reglas de la NCAA al usar videos de tel\u00e9fonos celulares para explorar a los equipos contrarios, pero sus abogados sostienen que no hubo exploraci\u00f3n en persona y que las acusaciones son una mala interpretaci\u00f3n de sus acciones. El caso contin\u00faa mientras Michigan y Stalions preparan sus respuestas dentro del per\u00edodo de 90 d\u00edas.<\/p>\r\n\r\n\r\n\r\n<p>Adem\u00e1s de su representaci\u00f3n legal, Brad Beckworth aparece de manera destacada en el documental de Netflix, &#8220;Stealing the Sign&#8221;, que profundiza en la controversia sobre el robo de carteles que rodea a Connor Stalions y el programa de f\u00fatbol de Michigan. El documental ofrece una mirada en profundidad a la versi\u00f3n de la historia de Stalions y las implicaciones m\u00e1s amplias del caso. La aparici\u00f3n de Beckworth en la pel\u00edcula destaca su papel en desafiar la investigaci\u00f3n de la NCAA y defender a su cliente contra lo que describe como un proceso injusto y sesgado. Su participaci\u00f3n en el documental subraya su compromiso de presentar una perspectiva equilibrada sobre las acusaciones y defender los intereses de los Stalions.<\/p>\r\n\r\n\r\n\r\n<p>Enlaces para art\u00edculos destacados:<\/p>\r\n\r\n\r\n\r\n<p><a href=\"https:\/\/www.nytimes.com\/athletic\/5722786\/2024\/08\/25\/michigan-notice-of-allegations\">https:\/\/www.nytimes.com\/athletic\/5722786\/2024\/08\/25\/michigan-notice-of-allegations<\/a><\/p>\r\n\r\n\r\n\r\n<p><a href=\"https:\/\/www.usatoday.com\/story\/sports\/ncaaf\/bigten\/2024\/08\/27\/connor-stalions-sign-stealer-netflix-michigan-football\/74964193007\">https:\/\/www.usatoday.com\/story\/sports\/ncaaf\/bigten\/2024\/08\/27\/connor-stalions-sign-stealer-netflix-michigan-football\/74964193007<\/a><\/p>\r\n\r\n\r\n\r\n<p><a href=\"https:\/\/www.si.com\/college-football\/connor-stalions-documentary-michigan-sign-stealing\">https:\/\/www.si.com\/college-football\/connor-stalions-documentary-michigan-sign-stealing<\/a><\/p>\r\n","protected":false},"excerpt":{"rendered":"<p>Abogado impugna investigaci\u00f3n de la NCAA por sesgada e injusta, afirma que el cliente es un chivo expiatorio El abogado Brad Beckworth, junto con Nathan Hall, representa a Connor Stalions, el ex miembro del personal de Michigan enredado en una investigaci\u00f3n de la NCAA sobre presuntas violaciones de robo de se\u00f1as. En respuesta a la [&hellip;]<\/p>\n","protected":false},"author":1,"featured_media":5527,"parent":5523,"menu_order":0,"comment_status":"closed","ping_status":"closed","template":"","meta":{"_acf_changed":false,"footnotes":""},"class_list":["post-5531","page","type-page","status-publish","has-post-thumbnail","hentry"],"acf":[],"yoast_head":"<!-- This site is optimized with the Yoast SEO plugin v27.3 - https:\/\/yoast.com\/product\/yoast-seo-wordpress\/ -->\n<title>Beckworth Defends Connor Stalions NCAA Case | Nix Patterson<\/title>\n<meta name=\"robots\" content=\"index, follow, max-snippet:-1, max-image-preview:large, max-video-preview:-1\" \/>\n<link rel=\"canonical\" href=\"https:\/\/nixlaw.com\/es\/sala-de-prensa\/brad-beckworth-defiende-a-connor-stalions-de-las-acusaciones-de-la-ncaa-en-un-caso-de-robo-de-senas-de-alto-perfil\/\" \/>\n<meta property=\"og:locale\" content=\"es_ES\" \/>\n<meta property=\"og:type\" content=\"article\" \/>\n<meta property=\"og:title\" content=\"Beckworth Defends Connor Stalions NCAA Case | Nix Patterson\" \/>\n<meta property=\"og:description\" content=\"Abogado impugna investigaci\u00f3n de la NCAA por sesgada e injusta, afirma que el cliente es un chivo expiatorio El abogado Brad Beckworth, junto con Nathan Hall, representa a Connor Stalions, el ex miembro del personal de Michigan enredado en una investigaci\u00f3n de la NCAA sobre presuntas violaciones de robo de se\u00f1as. En respuesta a la [&hellip;]\" \/>\n<meta property=\"og:url\" content=\"https:\/\/nixlaw.com\/es\/sala-de-prensa\/brad-beckworth-defiende-a-connor-stalions-de-las-acusaciones-de-la-ncaa-en-un-caso-de-robo-de-senas-de-alto-perfil\/\" \/>\n<meta property=\"og:site_name\" content=\"Nix Patterson, LLP\" \/>\n<meta property=\"article:publisher\" content=\"https:\/\/www.facebook.com\/Nix-Patterson-Roach-LLP-560328770976672\/\" \/>\n<meta property=\"article:modified_time\" content=\"2024-11-26T08:29:29+00:00\" \/>\n<meta property=\"og:image\" content=\"https:\/\/nixlaw.com\/wp-content\/uploads\/2024\/09\/connor-stalions.webp\" \/>\n\t<meta property=\"og:image:width\" content=\"1080\" \/>\n\t<meta property=\"og:image:height\" content=\"608\" \/>\n\t<meta property=\"og:image:type\" content=\"image\/webp\" \/>\n<meta name=\"twitter:card\" content=\"summary_large_image\" \/>\n<meta name=\"twitter:label1\" content=\"Tiempo de lectura\" \/>\n\t<meta name=\"twitter:data1\" content=\"2 minutos\" \/>\n<!-- \/ Yoast SEO plugin. -->","yoast_head_json":{"title":"Beckworth Defends Connor Stalions NCAA Case | Nix Patterson","robots":{"index":"index","follow":"follow","max-snippet":"max-snippet:-1","max-image-preview":"max-image-preview:large","max-video-preview":"max-video-preview:-1"},"canonical":"https:\/\/nixlaw.com\/es\/sala-de-prensa\/brad-beckworth-defiende-a-connor-stalions-de-las-acusaciones-de-la-ncaa-en-un-caso-de-robo-de-senas-de-alto-perfil\/","og_locale":"es_ES","og_type":"article","og_title":"Beckworth Defends Connor Stalions NCAA Case | Nix Patterson","og_description":"Abogado impugna investigaci\u00f3n de la NCAA por sesgada e injusta, afirma que el cliente es un chivo expiatorio El abogado Brad Beckworth, junto con Nathan Hall, representa a Connor Stalions, el ex miembro del personal de Michigan enredado en una investigaci\u00f3n de la NCAA sobre presuntas violaciones de robo de se\u00f1as. En respuesta a la [&hellip;]","og_url":"https:\/\/nixlaw.com\/es\/sala-de-prensa\/brad-beckworth-defiende-a-connor-stalions-de-las-acusaciones-de-la-ncaa-en-un-caso-de-robo-de-senas-de-alto-perfil\/","og_site_name":"Nix Patterson, LLP","article_publisher":"https:\/\/www.facebook.com\/Nix-Patterson-Roach-LLP-560328770976672\/","article_modified_time":"2024-11-26T08:29:29+00:00","og_image":[{"width":1080,"height":608,"url":"https:\/\/nixlaw.com\/wp-content\/uploads\/2024\/09\/connor-stalions.webp","type":"image\/webp"}],"twitter_card":"summary_large_image","twitter_misc":{"Tiempo de lectura":"2 minutos"},"schema":{"@context":"https:\/\/schema.org","@graph":[{"@type":"WebPage","@id":"https:\/\/nixlaw.com\/es\/sala-de-prensa\/brad-beckworth-defiende-a-connor-stalions-de-las-acusaciones-de-la-ncaa-en-un-caso-de-robo-de-senas-de-alto-perfil\/","url":"https:\/\/nixlaw.com\/es\/sala-de-prensa\/brad-beckworth-defiende-a-connor-stalions-de-las-acusaciones-de-la-ncaa-en-un-caso-de-robo-de-senas-de-alto-perfil\/","name":"Beckworth Defends Connor Stalions NCAA Case | Nix Patterson","isPartOf":{"@id":"https:\/\/nixlaw.com\/#website"},"primaryImageOfPage":{"@id":"https:\/\/nixlaw.com\/es\/sala-de-prensa\/brad-beckworth-defiende-a-connor-stalions-de-las-acusaciones-de-la-ncaa-en-un-caso-de-robo-de-senas-de-alto-perfil\/#primaryimage"},"image":{"@id":"https:\/\/nixlaw.com\/es\/sala-de-prensa\/brad-beckworth-defiende-a-connor-stalions-de-las-acusaciones-de-la-ncaa-en-un-caso-de-robo-de-senas-de-alto-perfil\/#primaryimage"},"thumbnailUrl":"https:\/\/nixlaw.com\/wp-content\/uploads\/2024\/09\/connor-stalions.webp","datePublished":"2024-09-12T05:28:54+00:00","dateModified":"2024-11-26T08:29:29+00:00","breadcrumb":{"@id":"https:\/\/nixlaw.com\/es\/sala-de-prensa\/brad-beckworth-defiende-a-connor-stalions-de-las-acusaciones-de-la-ncaa-en-un-caso-de-robo-de-senas-de-alto-perfil\/#breadcrumb"},"inLanguage":"es","potentialAction":[{"@type":"ReadAction","target":["https:\/\/nixlaw.com\/es\/sala-de-prensa\/brad-beckworth-defiende-a-connor-stalions-de-las-acusaciones-de-la-ncaa-en-un-caso-de-robo-de-senas-de-alto-perfil\/"]}]},{"@type":"ImageObject","inLanguage":"es","@id":"https:\/\/nixlaw.com\/es\/sala-de-prensa\/brad-beckworth-defiende-a-connor-stalions-de-las-acusaciones-de-la-ncaa-en-un-caso-de-robo-de-senas-de-alto-perfil\/#primaryimage","url":"https:\/\/nixlaw.com\/wp-content\/uploads\/2024\/09\/connor-stalions.webp","contentUrl":"https:\/\/nixlaw.com\/wp-content\/uploads\/2024\/09\/connor-stalions.webp","width":1080,"height":608},{"@type":"BreadcrumbList","@id":"https:\/\/nixlaw.com\/es\/sala-de-prensa\/brad-beckworth-defiende-a-connor-stalions-de-las-acusaciones-de-la-ncaa-en-un-caso-de-robo-de-senas-de-alto-perfil\/#breadcrumb","itemListElement":[{"@type":"ListItem","position":1,"name":"Nix Patterson, LLP","item":"https:\/\/nixlaw.com\/es\/"},{"@type":"ListItem","position":2,"name":"Sala de Prensa","item":"https:\/\/nixlaw.com\/es\/sala-de-prensa\/"},{"@type":"ListItem","position":3,"name":"Beckworth Defends Connor Stalions in NCAA Sign-Stealing Case"}]},{"@type":"WebSite","@id":"https:\/\/nixlaw.com\/#website","url":"https:\/\/nixlaw.com\/","name":"Nix Patterson, LLP","description":"A national contingency fee law firm providing litigation strategies and solutions","publisher":{"@id":"https:\/\/nixlaw.com\/#organization"},"alternateName":"Nix Law","potentialAction":[{"@type":"SearchAction","target":{"@type":"EntryPoint","urlTemplate":"https:\/\/nixlaw.com\/?s={search_term_string}"},"query-input":{"@type":"PropertyValueSpecification","valueRequired":true,"valueName":"search_term_string"}}],"inLanguage":"es"},{"@type":"Organization","@id":"https:\/\/nixlaw.com\/#organization","name":"Nix Patterson, LLP","url":"https:\/\/nixlaw.com\/","logo":{"@type":"ImageObject","inLanguage":"es","@id":"https:\/\/nixlaw.com\/#\/schema\/logo\/image\/","url":"https:\/\/nixlaw.com\/wp-content\/uploads\/2022\/12\/cropped-nix-logo-vector-logo-tag.webp","contentUrl":"https:\/\/nixlaw.com\/wp-content\/uploads\/2022\/12\/cropped-nix-logo-vector-logo-tag.webp","width":1198,"height":272,"caption":"Nix Patterson, LLP"},"image":{"@id":"https:\/\/nixlaw.com\/#\/schema\/logo\/image\/"},"sameAs":["https:\/\/www.facebook.com\/Nix-Patterson-Roach-LLP-560328770976672\/","https:\/\/www.linkedin.com\/company\/11394755\/"]}]}},"_links":{"self":[{"href":"https:\/\/nixlaw.com\/es\/wp-json\/wp\/v2\/pages\/5531","targetHints":{"allow":["GET"]}}],"collection":[{"href":"https:\/\/nixlaw.com\/es\/wp-json\/wp\/v2\/pages"}],"about":[{"href":"https:\/\/nixlaw.com\/es\/wp-json\/wp\/v2\/types\/page"}],"author":[{"embeddable":true,"href":"https:\/\/nixlaw.com\/es\/wp-json\/wp\/v2\/users\/1"}],"replies":[{"embeddable":true,"href":"https:\/\/nixlaw.com\/es\/wp-json\/wp\/v2\/comments?post=5531"}],"version-history":[{"count":0,"href":"https:\/\/nixlaw.com\/es\/wp-json\/wp\/v2\/pages\/5531\/revisions"}],"up":[{"embeddable":true,"href":"https:\/\/nixlaw.com\/es\/wp-json\/wp\/v2\/pages\/5523"}],"wp:featuredmedia":[{"embeddable":true,"href":"https:\/\/nixlaw.com\/es\/wp-json\/wp\/v2\/media\/5527"}],"wp:attachment":[{"href":"https:\/\/nixlaw.com\/es\/wp-json\/wp\/v2\/media?parent=5531"}],"curies":[{"name":"wp","href":"https:\/\/api.w.org\/{rel}","templated":true}]}}