{"id":5533,"date":"2024-09-12T05:38:27","date_gmt":"2024-09-12T05:38:27","guid":{"rendered":"https:\/\/nixlaw.com\/sala-de-prensa\/nix-patterson-logra-un-acuerdo-historico-de-1495-millones-de-dolares-contra-johnson-johnson-en-el-caso-de-opioides-en-washington\/"},"modified":"2025-03-04T06:59:18","modified_gmt":"2025-03-04T06:59:18","slug":"nix-patterson-logra-un-acuerdo-historico-de-1495-millones-de-dolares-contra-johnson-johnson-en-el-caso-de-opioides-en-washington","status":"publish","type":"page","link":"https:\/\/nixlaw.com\/es\/sala-de-prensa\/nix-patterson-logra-un-acuerdo-historico-de-1495-millones-de-dolares-contra-johnson-johnson-en-el-caso-de-opioides-en-washington\/","title":{"rendered":"Nix Patterson Logra Acuerdo Hist\u00f3rico de $149.5M en Caso de Opioides"},"content":{"rendered":"\r\n<p>Nix Patterson se siente honrado de haber representado al estado de Washington para asegurar un acuerdo de $149.5 millones con Johnson &amp; Johnson por su papel en la crisis de opioides. Nuestro equipo legal, dirigido por Brad Beckworth, llev\u00f3 al gigante farmac\u00e9utico ante la justicia, obteniendo resultados que superan la compensaci\u00f3n ofrecida en acuerdos nacionales anteriores. La lucha por la rendici\u00f3n de cuentas contin\u00faa: vea m\u00e1s detalles en el art\u00edculo del New York Times.<\/p>\r\n\r\n\r\n\r\n<p>Enlaces para art\u00edculos destacados:<\/p>\r\n\r\n\r\n\r\n<p><a href=\"https:\/\/www.nytimes.com\/2019\/08\/26\/health\/oklahoma-opioids-johnson-and-johnson.html\">https:\/\/www.nytimes.com\/2019\/08\/26\/health\/oklahoma-opioids-johnson-and-johnson.html<\/a><\/p>\r\n","protected":false},"excerpt":{"rendered":"<p>Nix Patterson se siente honrado de haber representado al estado de Washington para asegurar un acuerdo de $149.5 millones con Johnson &amp; Johnson por su papel en la crisis de opioides. Nuestro equipo legal, dirigido por Brad Beckworth, llev\u00f3 al gigante farmac\u00e9utico ante la justicia, obteniendo resultados que superan la compensaci\u00f3n ofrecida en acuerdos nacionales [&hellip;]<\/p>\n","protected":false},"author":1,"featured_media":5536,"parent":5523,"menu_order":0,"comment_status":"closed","ping_status":"closed","template":"","meta":{"_acf_changed":false,"footnotes":""},"class_list":["post-5533","page","type-page","status-publish","has-post-thumbnail","hentry"],"acf":[],"yoast_head":"<!-- This site is optimized with the Yoast SEO plugin v27.5 - https:\/\/yoast.com\/product\/yoast-seo-wordpress\/ -->\n<title>Nix Patterson gana $149.5M vs Johnson &amp; Johnson<\/title>\n<meta name=\"robots\" content=\"index, follow, max-snippet:-1, max-image-preview:large, max-video-preview:-1\" \/>\n<link rel=\"canonical\" href=\"https:\/\/nixlaw.com\/es\/sala-de-prensa\/nix-patterson-logra-un-acuerdo-historico-de-1495-millones-de-dolares-contra-johnson-johnson-en-el-caso-de-opioides-en-washington\/\" \/>\n<meta property=\"og:locale\" content=\"es_ES\" \/>\n<meta property=\"og:type\" content=\"article\" \/>\n<meta property=\"og:title\" content=\"Nix Patterson gana $149.5M vs Johnson &amp; Johnson\" \/>\n<meta property=\"og:description\" content=\"Nix Patterson se siente honrado de haber representado al estado de Washington para asegurar un acuerdo de $149.5 millones con Johnson &amp; Johnson por su papel en la crisis de opioides. Nuestro equipo legal, dirigido por Brad Beckworth, llev\u00f3 al gigante farmac\u00e9utico ante la justicia, obteniendo resultados que superan la compensaci\u00f3n ofrecida en acuerdos nacionales [&hellip;]\" \/>\n<meta property=\"og:url\" content=\"https:\/\/nixlaw.com\/es\/sala-de-prensa\/nix-patterson-logra-un-acuerdo-historico-de-1495-millones-de-dolares-contra-johnson-johnson-en-el-caso-de-opioides-en-washington\/\" \/>\n<meta property=\"og:site_name\" content=\"Nix Patterson, LLP\" \/>\n<meta property=\"article:publisher\" content=\"https:\/\/www.facebook.com\/Nix-Patterson-Roach-LLP-560328770976672\/\" \/>\n<meta property=\"article:modified_time\" content=\"2025-03-04T06:59:18+00:00\" \/>\n<meta property=\"og:image\" content=\"https:\/\/nixlaw.com\/wp-content\/uploads\/2024\/09\/nix-p-jandj-lawsuit-66e27f86e4a70.webp\" \/>\n\t<meta property=\"og:image:width\" content=\"1919\" \/>\n\t<meta property=\"og:image:height\" content=\"1014\" \/>\n\t<meta property=\"og:image:type\" content=\"image\/webp\" \/>\n<meta name=\"twitter:card\" content=\"summary_large_image\" \/>\n<meta name=\"twitter:label1\" content=\"Tiempo de lectura\" \/>\n\t<meta name=\"twitter:data1\" content=\"1 minuto\" \/>\n<!-- \/ Yoast SEO plugin. -->","yoast_head_json":{"title":"Nix Patterson gana $149.5M vs Johnson & Johnson","robots":{"index":"index","follow":"follow","max-snippet":"max-snippet:-1","max-image-preview":"max-image-preview:large","max-video-preview":"max-video-preview:-1"},"canonical":"https:\/\/nixlaw.com\/es\/sala-de-prensa\/nix-patterson-logra-un-acuerdo-historico-de-1495-millones-de-dolares-contra-johnson-johnson-en-el-caso-de-opioides-en-washington\/","og_locale":"es_ES","og_type":"article","og_title":"Nix Patterson gana $149.5M vs Johnson & Johnson","og_description":"Nix Patterson se siente honrado de haber representado al estado de Washington para asegurar un acuerdo de $149.5 millones con Johnson &amp; Johnson por su papel en la crisis de opioides. Nuestro equipo legal, dirigido por Brad Beckworth, llev\u00f3 al gigante farmac\u00e9utico ante la justicia, obteniendo resultados que superan la compensaci\u00f3n ofrecida en acuerdos nacionales [&hellip;]","og_url":"https:\/\/nixlaw.com\/es\/sala-de-prensa\/nix-patterson-logra-un-acuerdo-historico-de-1495-millones-de-dolares-contra-johnson-johnson-en-el-caso-de-opioides-en-washington\/","og_site_name":"Nix Patterson, LLP","article_publisher":"https:\/\/www.facebook.com\/Nix-Patterson-Roach-LLP-560328770976672\/","article_modified_time":"2025-03-04T06:59:18+00:00","og_image":[{"width":1919,"height":1014,"url":"https:\/\/nixlaw.com\/wp-content\/uploads\/2024\/09\/nix-p-jandj-lawsuit-66e27f86e4a70.webp","type":"image\/webp"}],"twitter_card":"summary_large_image","twitter_misc":{"Tiempo de lectura":"1 minuto"},"schema":{"@context":"https:\/\/schema.org","@graph":[{"@type":"WebPage","@id":"https:\/\/nixlaw.com\/es\/sala-de-prensa\/nix-patterson-logra-un-acuerdo-historico-de-1495-millones-de-dolares-contra-johnson-johnson-en-el-caso-de-opioides-en-washington\/","url":"https:\/\/nixlaw.com\/es\/sala-de-prensa\/nix-patterson-logra-un-acuerdo-historico-de-1495-millones-de-dolares-contra-johnson-johnson-en-el-caso-de-opioides-en-washington\/","name":"Nix Patterson gana $149.5M vs Johnson & Johnson","isPartOf":{"@id":"https:\/\/nixlaw.com\/#website"},"primaryImageOfPage":{"@id":"https:\/\/nixlaw.com\/es\/sala-de-prensa\/nix-patterson-logra-un-acuerdo-historico-de-1495-millones-de-dolares-contra-johnson-johnson-en-el-caso-de-opioides-en-washington\/#primaryimage"},"image":{"@id":"https:\/\/nixlaw.com\/es\/sala-de-prensa\/nix-patterson-logra-un-acuerdo-historico-de-1495-millones-de-dolares-contra-johnson-johnson-en-el-caso-de-opioides-en-washington\/#primaryimage"},"thumbnailUrl":"https:\/\/nixlaw.com\/wp-content\/uploads\/2024\/09\/nix-p-jandj-lawsuit-66e27f86e4a70.webp","datePublished":"2024-09-12T05:38:27+00:00","dateModified":"2025-03-04T06:59:18+00:00","breadcrumb":{"@id":"https:\/\/nixlaw.com\/es\/sala-de-prensa\/nix-patterson-logra-un-acuerdo-historico-de-1495-millones-de-dolares-contra-johnson-johnson-en-el-caso-de-opioides-en-washington\/#breadcrumb"},"inLanguage":"es","potentialAction":[{"@type":"ReadAction","target":["https:\/\/nixlaw.com\/es\/sala-de-prensa\/nix-patterson-logra-un-acuerdo-historico-de-1495-millones-de-dolares-contra-johnson-johnson-en-el-caso-de-opioides-en-washington\/"]}]},{"@type":"ImageObject","inLanguage":"es","@id":"https:\/\/nixlaw.com\/es\/sala-de-prensa\/nix-patterson-logra-un-acuerdo-historico-de-1495-millones-de-dolares-contra-johnson-johnson-en-el-caso-de-opioides-en-washington\/#primaryimage","url":"https:\/\/nixlaw.com\/wp-content\/uploads\/2024\/09\/nix-p-jandj-lawsuit-66e27f86e4a70.webp","contentUrl":"https:\/\/nixlaw.com\/wp-content\/uploads\/2024\/09\/nix-p-jandj-lawsuit-66e27f86e4a70.webp","width":1919,"height":1014},{"@type":"BreadcrumbList","@id":"https:\/\/nixlaw.com\/es\/sala-de-prensa\/nix-patterson-logra-un-acuerdo-historico-de-1495-millones-de-dolares-contra-johnson-johnson-en-el-caso-de-opioides-en-washington\/#breadcrumb","itemListElement":[{"@type":"ListItem","position":1,"name":"Nix Patterson, LLP","item":"https:\/\/nixlaw.com\/es\/"},{"@type":"ListItem","position":2,"name":"Sala de Prensa","item":"https:\/\/nixlaw.com\/es\/sala-de-prensa\/"},{"@type":"ListItem","position":3,"name":"Nix Patterson Logra Acuerdo Hist\u00f3rico de $149.5M en Caso de Opioides"}]},{"@type":"WebSite","@id":"https:\/\/nixlaw.com\/#website","url":"https:\/\/nixlaw.com\/","name":"Nix Patterson, LLP","description":"A national contingency fee law firm providing litigation strategies and solutions","publisher":{"@id":"https:\/\/nixlaw.com\/#organization"},"alternateName":"Nix Law","potentialAction":[{"@type":"SearchAction","target":{"@type":"EntryPoint","urlTemplate":"https:\/\/nixlaw.com\/?s={search_term_string}"},"query-input":{"@type":"PropertyValueSpecification","valueRequired":true,"valueName":"search_term_string"}}],"inLanguage":"es"},{"@type":"Organization","@id":"https:\/\/nixlaw.com\/#organization","name":"Nix Patterson, LLP","url":"https:\/\/nixlaw.com\/","logo":{"@type":"ImageObject","inLanguage":"es","@id":"https:\/\/nixlaw.com\/#\/schema\/logo\/image\/","url":"https:\/\/nixlaw.com\/wp-content\/uploads\/2022\/12\/cropped-nix-logo-vector-logo-tag.webp","contentUrl":"https:\/\/nixlaw.com\/wp-content\/uploads\/2022\/12\/cropped-nix-logo-vector-logo-tag.webp","width":1198,"height":272,"caption":"Nix Patterson, LLP"},"image":{"@id":"https:\/\/nixlaw.com\/#\/schema\/logo\/image\/"},"sameAs":["https:\/\/www.facebook.com\/Nix-Patterson-Roach-LLP-560328770976672\/","https:\/\/www.linkedin.com\/company\/11394755\/"]}]}},"_links":{"self":[{"href":"https:\/\/nixlaw.com\/es\/wp-json\/wp\/v2\/pages\/5533","targetHints":{"allow":["GET"]}}],"collection":[{"href":"https:\/\/nixlaw.com\/es\/wp-json\/wp\/v2\/pages"}],"about":[{"href":"https:\/\/nixlaw.com\/es\/wp-json\/wp\/v2\/types\/page"}],"author":[{"embeddable":true,"href":"https:\/\/nixlaw.com\/es\/wp-json\/wp\/v2\/users\/1"}],"replies":[{"embeddable":true,"href":"https:\/\/nixlaw.com\/es\/wp-json\/wp\/v2\/comments?post=5533"}],"version-history":[{"count":0,"href":"https:\/\/nixlaw.com\/es\/wp-json\/wp\/v2\/pages\/5533\/revisions"}],"up":[{"embeddable":true,"href":"https:\/\/nixlaw.com\/es\/wp-json\/wp\/v2\/pages\/5523"}],"wp:featuredmedia":[{"embeddable":true,"href":"https:\/\/nixlaw.com\/es\/wp-json\/wp\/v2\/media\/5536"}],"wp:attachment":[{"href":"https:\/\/nixlaw.com\/es\/wp-json\/wp\/v2\/media?parent=5533"}],"curies":[{"name":"wp","href":"https:\/\/api.w.org\/{rel}","templated":true}]}}