{"id":5538,"date":"2024-09-12T06:04:34","date_gmt":"2024-09-12T06:04:34","guid":{"rendered":"https:\/\/nixlaw.com\/sala-de-prensa\/brad-beckworth-de-nix-patterson-dirigio-un-juicio-historico-contra-johnson-johnson-en-la-crisis-de-opioides-de-oklahoma\/"},"modified":"2025-03-04T06:48:49","modified_gmt":"2025-03-04T06:48:49","slug":"brad-beckworth-de-nix-patterson-dirigio-un-juicio-historico-contra-johnson-johnson-en-la-crisis-de-opioides-de-oklahoma","status":"publish","type":"page","link":"https:\/\/nixlaw.com\/es\/sala-de-prensa\/brad-beckworth-de-nix-patterson-dirigio-un-juicio-historico-contra-johnson-johnson-en-la-crisis-de-opioides-de-oklahoma\/","title":{"rendered":"Beckworth Lider\u00f3 Juicio Hist\u00f3rico en Crisis de Opioides en Oklahoma"},"content":{"rendered":"\r\n<p>En un juicio hist\u00f3rico que prepar\u00f3 el escenario para miles de demandas por opioides en todo Estados Unidos, Brad Beckworth de Nix Patterson, LLP encabez\u00f3 la acusaci\u00f3n en Oklahoma contra el gigante farmac\u00e9utico Johnson &amp; Johnson. El caso, presidido por el juez Thad Balkman, fue el primer juicio civil de este tipo que responsabiliz\u00f3 a una empresa por su papel en la devastadora epidemia de opioides. Beckworth, en representaci\u00f3n del estado, argument\u00f3 que Johnson &amp; Johnson, impulsada por la codicia corporativa, inund\u00f3 a sabiendas el mercado con analg\u00e9sicos adictivos mientras enga\u00f1aba al p\u00fablico y a los profesionales de la salud sobre los riesgos.<\/p>\r\n<p>Durante el juicio, Beckworth present\u00f3 pruebas convincentes, incluidos documentos internos de la empresa, para demostrar que Johnson &amp; Johnson y sus subsidiarias comercializaban opioides de manera agresiva a pesar de ser conscientes del potencial de abuso generalizado. Revel\u00f3 c\u00f3mo las operaciones de la compa\u00f1\u00eda, desde el cultivo de amapolas hasta la fabricaci\u00f3n de analg\u00e9sicos potentes, contribuyeron a la crisis de opioides. Oklahoma busc\u00f3 17.500 millones de d\u00f3lares para los esfuerzos de recuperaci\u00f3n, y el juicio fue un momento clave en la lucha en curso para responsabilizar a las corporaciones por su papel en la epidemia.<\/p>\r\n\r\n\r\n\r\n<p>Enlaces para art\u00edculos destacados:<\/p>\r\n<p><a class=\"waffle-rich-text-link\" href=\"https:\/\/www.washingtonpost.com\/national\/health-science\/oklahoma-opioid-trial-begins-as-state-lays-blame-for-crisis-on-drug-companies\/2019\/05\/28\/03801396-8175-11e9-95a9-e2c830afe24f_story.html\" data-sheets-formula-bar-text-link=\"https:\/\/www.washingtonpost.com\/national\/health-science\/oklahoma-opioid-trial-begins-as-state-lays-blame-for-crisis-on-drug-companies\/2019\/05\/28\/03801396-8175-11e9-95a9-e2c830afe24f_story.html\" data-sheets-formula-bar-text-style=\"font-size:13px;color:#1155cc;font-weight:normal;text-decoration:underline;font-family:'Arial';font-style:normal;text-decoration-skip-ink:none;\">https:\/\/www.washingtonpost.com\/national\/health-science\/oklahoma-opioid-trial-begins-as-state-lays-blame-for-crisis-on-drug-companies\/2019\/05\/28\/03801396-8175-11e9-95a9-e2c830afe24f_story.html<\/a><\/p>\r\n<p><a class=\"waffle-rich-text-link\" href=\"https:\/\/www.nbcnews.com\/news\/us-news\/johnson-johnson-opioids-helped-create-worst-man-made-public-health-n1011161\" data-sheets-formula-bar-text-link=\"https:\/\/www.nbcnews.com\/news\/us-news\/johnson-johnson-opioids-helped-create-worst-man-made-public-health-n1011161\" data-sheets-formula-bar-text-style=\"font-size:13px;color:#1155cc;font-weight:normal;text-decoration:underline;font-family:'Arial';font-style:normal;text-decoration-skip-ink:none;\">https:\/\/www.nbcnews.com\/news\/us-news\/johnson-johnson-opioids-helped-create-worst-man-made-public-health-n1011161<\/a><\/p>\r\n\r\n\r\n","protected":false},"excerpt":{"rendered":"<p>En un juicio hist\u00f3rico que prepar\u00f3 el escenario para miles de demandas por opioides en todo Estados Unidos, Brad Beckworth de Nix Patterson, LLP encabez\u00f3 la acusaci\u00f3n en Oklahoma contra el gigante farmac\u00e9utico Johnson &amp; Johnson. El caso, presidido por el juez Thad Balkman, fue el primer juicio civil de este tipo que responsabiliz\u00f3 a [&hellip;]<\/p>\n","protected":false},"author":1,"featured_media":5544,"parent":5523,"menu_order":0,"comment_status":"closed","ping_status":"closed","template":"","meta":{"_acf_changed":false,"footnotes":""},"class_list":["post-5538","page","type-page","status-publish","has-post-thumbnail","hentry"],"acf":[],"yoast_head":"<!-- This site is optimized with the Yoast SEO plugin v27.5 - https:\/\/yoast.com\/product\/yoast-seo-wordpress\/ -->\n<title>Brad Beckworth lidera juicio opioides | Nix Patterson<\/title>\n<meta name=\"robots\" content=\"index, follow, max-snippet:-1, max-image-preview:large, max-video-preview:-1\" \/>\n<link rel=\"canonical\" href=\"https:\/\/nixlaw.com\/es\/sala-de-prensa\/brad-beckworth-de-nix-patterson-dirigio-un-juicio-historico-contra-johnson-johnson-en-la-crisis-de-opioides-de-oklahoma\/\" \/>\n<meta property=\"og:locale\" content=\"es_ES\" \/>\n<meta property=\"og:type\" content=\"article\" \/>\n<meta property=\"og:title\" content=\"Brad Beckworth lidera juicio opioides | Nix Patterson\" \/>\n<meta property=\"og:description\" content=\"En un juicio hist\u00f3rico que prepar\u00f3 el escenario para miles de demandas por opioides en todo Estados Unidos, Brad Beckworth de Nix Patterson, LLP encabez\u00f3 la acusaci\u00f3n en Oklahoma contra el gigante farmac\u00e9utico Johnson &amp; Johnson. El caso, presidido por el juez Thad Balkman, fue el primer juicio civil de este tipo que responsabiliz\u00f3 a [&hellip;]\" \/>\n<meta property=\"og:url\" content=\"https:\/\/nixlaw.com\/es\/sala-de-prensa\/brad-beckworth-de-nix-patterson-dirigio-un-juicio-historico-contra-johnson-johnson-en-la-crisis-de-opioides-de-oklahoma\/\" \/>\n<meta property=\"og:site_name\" content=\"Nix Patterson, LLP\" \/>\n<meta property=\"article:publisher\" content=\"https:\/\/www.facebook.com\/Nix-Patterson-Roach-LLP-560328770976672\/\" \/>\n<meta property=\"article:modified_time\" content=\"2025-03-04T06:48:49+00:00\" \/>\n<meta property=\"og:image\" content=\"https:\/\/nixlaw.com\/wp-content\/uploads\/2024\/09\/nix-p-opioid-66e284ec52d27.webp\" \/>\n\t<meta property=\"og:image:width\" content=\"837\" \/>\n\t<meta property=\"og:image:height\" content=\"552\" \/>\n\t<meta property=\"og:image:type\" content=\"image\/webp\" \/>\n<meta name=\"twitter:card\" content=\"summary_large_image\" \/>\n<meta name=\"twitter:label1\" content=\"Tiempo de lectura\" \/>\n\t<meta name=\"twitter:data1\" content=\"2 minutos\" \/>\n<!-- \/ Yoast SEO plugin. -->","yoast_head_json":{"title":"Brad Beckworth lidera juicio opioides | Nix Patterson","robots":{"index":"index","follow":"follow","max-snippet":"max-snippet:-1","max-image-preview":"max-image-preview:large","max-video-preview":"max-video-preview:-1"},"canonical":"https:\/\/nixlaw.com\/es\/sala-de-prensa\/brad-beckworth-de-nix-patterson-dirigio-un-juicio-historico-contra-johnson-johnson-en-la-crisis-de-opioides-de-oklahoma\/","og_locale":"es_ES","og_type":"article","og_title":"Brad Beckworth lidera juicio opioides | Nix Patterson","og_description":"En un juicio hist\u00f3rico que prepar\u00f3 el escenario para miles de demandas por opioides en todo Estados Unidos, Brad Beckworth de Nix Patterson, LLP encabez\u00f3 la acusaci\u00f3n en Oklahoma contra el gigante farmac\u00e9utico Johnson &amp; Johnson. El caso, presidido por el juez Thad Balkman, fue el primer juicio civil de este tipo que responsabiliz\u00f3 a [&hellip;]","og_url":"https:\/\/nixlaw.com\/es\/sala-de-prensa\/brad-beckworth-de-nix-patterson-dirigio-un-juicio-historico-contra-johnson-johnson-en-la-crisis-de-opioides-de-oklahoma\/","og_site_name":"Nix Patterson, LLP","article_publisher":"https:\/\/www.facebook.com\/Nix-Patterson-Roach-LLP-560328770976672\/","article_modified_time":"2025-03-04T06:48:49+00:00","og_image":[{"width":837,"height":552,"url":"https:\/\/nixlaw.com\/wp-content\/uploads\/2024\/09\/nix-p-opioid-66e284ec52d27.webp","type":"image\/webp"}],"twitter_card":"summary_large_image","twitter_misc":{"Tiempo de lectura":"2 minutos"},"schema":{"@context":"https:\/\/schema.org","@graph":[{"@type":"WebPage","@id":"https:\/\/nixlaw.com\/es\/sala-de-prensa\/brad-beckworth-de-nix-patterson-dirigio-un-juicio-historico-contra-johnson-johnson-en-la-crisis-de-opioides-de-oklahoma\/","url":"https:\/\/nixlaw.com\/es\/sala-de-prensa\/brad-beckworth-de-nix-patterson-dirigio-un-juicio-historico-contra-johnson-johnson-en-la-crisis-de-opioides-de-oklahoma\/","name":"Brad Beckworth lidera juicio opioides | Nix Patterson","isPartOf":{"@id":"https:\/\/nixlaw.com\/#website"},"primaryImageOfPage":{"@id":"https:\/\/nixlaw.com\/es\/sala-de-prensa\/brad-beckworth-de-nix-patterson-dirigio-un-juicio-historico-contra-johnson-johnson-en-la-crisis-de-opioides-de-oklahoma\/#primaryimage"},"image":{"@id":"https:\/\/nixlaw.com\/es\/sala-de-prensa\/brad-beckworth-de-nix-patterson-dirigio-un-juicio-historico-contra-johnson-johnson-en-la-crisis-de-opioides-de-oklahoma\/#primaryimage"},"thumbnailUrl":"https:\/\/nixlaw.com\/wp-content\/uploads\/2024\/09\/nix-p-opioid-66e284ec52d27.webp","datePublished":"2024-09-12T06:04:34+00:00","dateModified":"2025-03-04T06:48:49+00:00","breadcrumb":{"@id":"https:\/\/nixlaw.com\/es\/sala-de-prensa\/brad-beckworth-de-nix-patterson-dirigio-un-juicio-historico-contra-johnson-johnson-en-la-crisis-de-opioides-de-oklahoma\/#breadcrumb"},"inLanguage":"es","potentialAction":[{"@type":"ReadAction","target":["https:\/\/nixlaw.com\/es\/sala-de-prensa\/brad-beckworth-de-nix-patterson-dirigio-un-juicio-historico-contra-johnson-johnson-en-la-crisis-de-opioides-de-oklahoma\/"]}]},{"@type":"ImageObject","inLanguage":"es","@id":"https:\/\/nixlaw.com\/es\/sala-de-prensa\/brad-beckworth-de-nix-patterson-dirigio-un-juicio-historico-contra-johnson-johnson-en-la-crisis-de-opioides-de-oklahoma\/#primaryimage","url":"https:\/\/nixlaw.com\/wp-content\/uploads\/2024\/09\/nix-p-opioid-66e284ec52d27.webp","contentUrl":"https:\/\/nixlaw.com\/wp-content\/uploads\/2024\/09\/nix-p-opioid-66e284ec52d27.webp","width":837,"height":552,"caption":"nix-p-opioid"},{"@type":"BreadcrumbList","@id":"https:\/\/nixlaw.com\/es\/sala-de-prensa\/brad-beckworth-de-nix-patterson-dirigio-un-juicio-historico-contra-johnson-johnson-en-la-crisis-de-opioides-de-oklahoma\/#breadcrumb","itemListElement":[{"@type":"ListItem","position":1,"name":"Nix Patterson, LLP","item":"https:\/\/nixlaw.com\/es\/"},{"@type":"ListItem","position":2,"name":"Sala de Prensa","item":"https:\/\/nixlaw.com\/es\/sala-de-prensa\/"},{"@type":"ListItem","position":3,"name":"Beckworth Lider\u00f3 Juicio Hist\u00f3rico en Crisis de Opioides en Oklahoma"}]},{"@type":"WebSite","@id":"https:\/\/nixlaw.com\/#website","url":"https:\/\/nixlaw.com\/","name":"Nix Patterson, LLP","description":"A national contingency fee law firm providing litigation strategies and solutions","publisher":{"@id":"https:\/\/nixlaw.com\/#organization"},"alternateName":"Nix Law","potentialAction":[{"@type":"SearchAction","target":{"@type":"EntryPoint","urlTemplate":"https:\/\/nixlaw.com\/?s={search_term_string}"},"query-input":{"@type":"PropertyValueSpecification","valueRequired":true,"valueName":"search_term_string"}}],"inLanguage":"es"},{"@type":"Organization","@id":"https:\/\/nixlaw.com\/#organization","name":"Nix Patterson, LLP","url":"https:\/\/nixlaw.com\/","logo":{"@type":"ImageObject","inLanguage":"es","@id":"https:\/\/nixlaw.com\/#\/schema\/logo\/image\/","url":"https:\/\/nixlaw.com\/wp-content\/uploads\/2022\/12\/cropped-nix-logo-vector-logo-tag.webp","contentUrl":"https:\/\/nixlaw.com\/wp-content\/uploads\/2022\/12\/cropped-nix-logo-vector-logo-tag.webp","width":1198,"height":272,"caption":"Nix Patterson, LLP"},"image":{"@id":"https:\/\/nixlaw.com\/#\/schema\/logo\/image\/"},"sameAs":["https:\/\/www.facebook.com\/Nix-Patterson-Roach-LLP-560328770976672\/","https:\/\/www.linkedin.com\/company\/11394755\/"]}]}},"_links":{"self":[{"href":"https:\/\/nixlaw.com\/es\/wp-json\/wp\/v2\/pages\/5538","targetHints":{"allow":["GET"]}}],"collection":[{"href":"https:\/\/nixlaw.com\/es\/wp-json\/wp\/v2\/pages"}],"about":[{"href":"https:\/\/nixlaw.com\/es\/wp-json\/wp\/v2\/types\/page"}],"author":[{"embeddable":true,"href":"https:\/\/nixlaw.com\/es\/wp-json\/wp\/v2\/users\/1"}],"replies":[{"embeddable":true,"href":"https:\/\/nixlaw.com\/es\/wp-json\/wp\/v2\/comments?post=5538"}],"version-history":[{"count":0,"href":"https:\/\/nixlaw.com\/es\/wp-json\/wp\/v2\/pages\/5538\/revisions"}],"up":[{"embeddable":true,"href":"https:\/\/nixlaw.com\/es\/wp-json\/wp\/v2\/pages\/5523"}],"wp:featuredmedia":[{"embeddable":true,"href":"https:\/\/nixlaw.com\/es\/wp-json\/wp\/v2\/media\/5544"}],"wp:attachment":[{"href":"https:\/\/nixlaw.com\/es\/wp-json\/wp\/v2\/media?parent=5538"}],"curies":[{"name":"wp","href":"https:\/\/api.w.org\/{rel}","templated":true}]}}