{"id":5551,"date":"2024-09-12T06:12:31","date_gmt":"2024-09-12T06:12:31","guid":{"rendered":"https:\/\/nixlaw.com\/sala-de-prensa\/drew-pate-y-brad-beckworth-lideran-el-equipo-legal-en-una-demanda-colectiva-de-80-millones-de-dolares-contra-sunoco\/"},"modified":"2025-03-04T06:49:18","modified_gmt":"2025-03-04T06:49:18","slug":"drew-pate-y-brad-beckworth-lideran-el-equipo-legal-en-una-demanda-colectiva-de-80-millones-de-dolares-contra-sunoco","status":"publish","type":"page","link":"https:\/\/nixlaw.com\/es\/sala-de-prensa\/drew-pate-y-brad-beckworth-lideran-el-equipo-legal-en-una-demanda-colectiva-de-80-millones-de-dolares-contra-sunoco\/","title":{"rendered":"Pate y Beckworth Lideran Demanda Colectiva de $80M Contra Sunoco"},"content":{"rendered":"\r\n<p>En una victoria monumental para los propietarios de regal\u00edas de Oklahoma, los abogados de Nix Patterson, Drew Pate y Brad Beckworth, junto con los abogados adjuntos, lograron obtener una orden judicial para que Sunoco pague $ 80 millones en intereses adeudados y da\u00f1os punitivos. En representaci\u00f3n de miles de propietarios de pozos petroleros, Pate y Beckworth argumentaron que Sunoco retras\u00f3 deliberadamente los pagos de intereses sobre los ingresos del petr\u00f3leo, lo que afect\u00f3 a aproximadamente 53,000 miembros del grupo.<\/p>\r\n<p>Durante el juicio, el testimonio de los expertos revel\u00f3 que Sunoco hab\u00eda realizado casi 1.6 millones de pagos atrasados, sin pagar un estimado de $74.1 millones en intereses. El juez, estando de acuerdo con el caso de los demandantes, agreg\u00f3 un 12% de inter\u00e9s compuesto y otorg\u00f3 $75 millones en da\u00f1os punitivos, citando la negligencia deliberada de Sunoco al abordar los pagos atrasados. Este fallo hist\u00f3rico, encabezado por Pate y Beckworth, responsabiliza a Sunoco por a\u00f1os de pago insuficiente, lo que refuerza la reputaci\u00f3n de Nix Patterson de garantizar la justicia en casos complejos de demandas colectivas.<\/p>\r\n\r\n\r\n\r\n<p>Enlaces para art\u00edculos destacados:<\/p>\r\n<p><a href=\"https:\/\/www.oklahoman.com\/story\/business\/columns\/2020\/08\/22\/federal-judge-orders-sunoco-logistics-million-owed-interest-penalties-late-payments-oil-purchases\/60386123007\/\">https:\/\/www.oklahoman.com\/story\/business\/columns\/2020\/08\/22\/federal-judge-orders-sunoco-logistics-million-owed-interest-penalties-late-payments-oil-purchases\/60386123007\/<\/a><\/p>\r\n\r\n\r\n","protected":false},"excerpt":{"rendered":"<p>En una victoria monumental para los propietarios de regal\u00edas de Oklahoma, los abogados de Nix Patterson, Drew Pate y Brad Beckworth, junto con los abogados adjuntos, lograron obtener una orden judicial para que Sunoco pague $ 80 millones en intereses adeudados y da\u00f1os punitivos. En representaci\u00f3n de miles de propietarios de pozos petroleros, Pate y [&hellip;]<\/p>\n","protected":false},"author":1,"featured_media":5546,"parent":5523,"menu_order":0,"comment_status":"closed","ping_status":"closed","template":"","meta":{"_acf_changed":false,"footnotes":""},"class_list":["post-5551","page","type-page","status-publish","has-post-thumbnail","hentry"],"acf":[],"yoast_head":"<!-- This site is optimized with the Yoast SEO plugin v27.5 - https:\/\/yoast.com\/product\/yoast-seo-wordpress\/ -->\n<title>Beckworth y Pate lideran demanda $80M | Nix Patterson<\/title>\n<meta name=\"robots\" content=\"index, follow, max-snippet:-1, max-image-preview:large, max-video-preview:-1\" \/>\n<link rel=\"canonical\" href=\"https:\/\/nixlaw.com\/es\/sala-de-prensa\/drew-pate-y-brad-beckworth-lideran-el-equipo-legal-en-una-demanda-colectiva-de-80-millones-de-dolares-contra-sunoco\/\" \/>\n<meta property=\"og:locale\" content=\"es_ES\" \/>\n<meta property=\"og:type\" content=\"article\" \/>\n<meta property=\"og:title\" content=\"Beckworth y Pate lideran demanda $80M | Nix Patterson\" \/>\n<meta property=\"og:description\" content=\"En una victoria monumental para los propietarios de regal\u00edas de Oklahoma, los abogados de Nix Patterson, Drew Pate y Brad Beckworth, junto con los abogados adjuntos, lograron obtener una orden judicial para que Sunoco pague $ 80 millones en intereses adeudados y da\u00f1os punitivos. En representaci\u00f3n de miles de propietarios de pozos petroleros, Pate y [&hellip;]\" \/>\n<meta property=\"og:url\" content=\"https:\/\/nixlaw.com\/es\/sala-de-prensa\/drew-pate-y-brad-beckworth-lideran-el-equipo-legal-en-una-demanda-colectiva-de-80-millones-de-dolares-contra-sunoco\/\" \/>\n<meta property=\"og:site_name\" content=\"Nix Patterson, LLP\" \/>\n<meta property=\"article:publisher\" content=\"https:\/\/www.facebook.com\/Nix-Patterson-Roach-LLP-560328770976672\/\" \/>\n<meta property=\"article:modified_time\" content=\"2025-03-04T06:49:18+00:00\" \/>\n<meta property=\"og:image\" content=\"https:\/\/nixlaw.com\/wp-content\/uploads\/2024\/09\/nix-p-sunoco.webp\" \/>\n\t<meta property=\"og:image:width\" content=\"2560\" \/>\n\t<meta property=\"og:image:height\" content=\"1450\" \/>\n\t<meta property=\"og:image:type\" content=\"image\/webp\" \/>\n<meta name=\"twitter:card\" content=\"summary_large_image\" \/>\n<meta name=\"twitter:label1\" content=\"Tiempo de lectura\" \/>\n\t<meta name=\"twitter:data1\" content=\"1 minuto\" \/>\n<!-- \/ Yoast SEO plugin. -->","yoast_head_json":{"title":"Beckworth y Pate lideran demanda $80M | Nix Patterson","robots":{"index":"index","follow":"follow","max-snippet":"max-snippet:-1","max-image-preview":"max-image-preview:large","max-video-preview":"max-video-preview:-1"},"canonical":"https:\/\/nixlaw.com\/es\/sala-de-prensa\/drew-pate-y-brad-beckworth-lideran-el-equipo-legal-en-una-demanda-colectiva-de-80-millones-de-dolares-contra-sunoco\/","og_locale":"es_ES","og_type":"article","og_title":"Beckworth y Pate lideran demanda $80M | Nix Patterson","og_description":"En una victoria monumental para los propietarios de regal\u00edas de Oklahoma, los abogados de Nix Patterson, Drew Pate y Brad Beckworth, junto con los abogados adjuntos, lograron obtener una orden judicial para que Sunoco pague $ 80 millones en intereses adeudados y da\u00f1os punitivos. En representaci\u00f3n de miles de propietarios de pozos petroleros, Pate y [&hellip;]","og_url":"https:\/\/nixlaw.com\/es\/sala-de-prensa\/drew-pate-y-brad-beckworth-lideran-el-equipo-legal-en-una-demanda-colectiva-de-80-millones-de-dolares-contra-sunoco\/","og_site_name":"Nix Patterson, LLP","article_publisher":"https:\/\/www.facebook.com\/Nix-Patterson-Roach-LLP-560328770976672\/","article_modified_time":"2025-03-04T06:49:18+00:00","og_image":[{"width":2560,"height":1450,"url":"https:\/\/nixlaw.com\/wp-content\/uploads\/2024\/09\/nix-p-sunoco.webp","type":"image\/webp"}],"twitter_card":"summary_large_image","twitter_misc":{"Tiempo de lectura":"1 minuto"},"schema":{"@context":"https:\/\/schema.org","@graph":[{"@type":"WebPage","@id":"https:\/\/nixlaw.com\/es\/sala-de-prensa\/drew-pate-y-brad-beckworth-lideran-el-equipo-legal-en-una-demanda-colectiva-de-80-millones-de-dolares-contra-sunoco\/","url":"https:\/\/nixlaw.com\/es\/sala-de-prensa\/drew-pate-y-brad-beckworth-lideran-el-equipo-legal-en-una-demanda-colectiva-de-80-millones-de-dolares-contra-sunoco\/","name":"Beckworth y Pate lideran demanda $80M | Nix Patterson","isPartOf":{"@id":"https:\/\/nixlaw.com\/#website"},"primaryImageOfPage":{"@id":"https:\/\/nixlaw.com\/es\/sala-de-prensa\/drew-pate-y-brad-beckworth-lideran-el-equipo-legal-en-una-demanda-colectiva-de-80-millones-de-dolares-contra-sunoco\/#primaryimage"},"image":{"@id":"https:\/\/nixlaw.com\/es\/sala-de-prensa\/drew-pate-y-brad-beckworth-lideran-el-equipo-legal-en-una-demanda-colectiva-de-80-millones-de-dolares-contra-sunoco\/#primaryimage"},"thumbnailUrl":"https:\/\/nixlaw.com\/wp-content\/uploads\/2024\/09\/nix-p-sunoco.webp","datePublished":"2024-09-12T06:12:31+00:00","dateModified":"2025-03-04T06:49:18+00:00","breadcrumb":{"@id":"https:\/\/nixlaw.com\/es\/sala-de-prensa\/drew-pate-y-brad-beckworth-lideran-el-equipo-legal-en-una-demanda-colectiva-de-80-millones-de-dolares-contra-sunoco\/#breadcrumb"},"inLanguage":"es","potentialAction":[{"@type":"ReadAction","target":["https:\/\/nixlaw.com\/es\/sala-de-prensa\/drew-pate-y-brad-beckworth-lideran-el-equipo-legal-en-una-demanda-colectiva-de-80-millones-de-dolares-contra-sunoco\/"]}]},{"@type":"ImageObject","inLanguage":"es","@id":"https:\/\/nixlaw.com\/es\/sala-de-prensa\/drew-pate-y-brad-beckworth-lideran-el-equipo-legal-en-una-demanda-colectiva-de-80-millones-de-dolares-contra-sunoco\/#primaryimage","url":"https:\/\/nixlaw.com\/wp-content\/uploads\/2024\/09\/nix-p-sunoco.webp","contentUrl":"https:\/\/nixlaw.com\/wp-content\/uploads\/2024\/09\/nix-p-sunoco.webp","width":2560,"height":1450},{"@type":"BreadcrumbList","@id":"https:\/\/nixlaw.com\/es\/sala-de-prensa\/drew-pate-y-brad-beckworth-lideran-el-equipo-legal-en-una-demanda-colectiva-de-80-millones-de-dolares-contra-sunoco\/#breadcrumb","itemListElement":[{"@type":"ListItem","position":1,"name":"Nix Patterson, LLP","item":"https:\/\/nixlaw.com\/es\/"},{"@type":"ListItem","position":2,"name":"Sala de Prensa","item":"https:\/\/nixlaw.com\/es\/sala-de-prensa\/"},{"@type":"ListItem","position":3,"name":"Pate y Beckworth Lideran Demanda Colectiva de $80M Contra Sunoco"}]},{"@type":"WebSite","@id":"https:\/\/nixlaw.com\/#website","url":"https:\/\/nixlaw.com\/","name":"Nix Patterson, LLP","description":"A national contingency fee law firm providing litigation strategies and solutions","publisher":{"@id":"https:\/\/nixlaw.com\/#organization"},"alternateName":"Nix Law","potentialAction":[{"@type":"SearchAction","target":{"@type":"EntryPoint","urlTemplate":"https:\/\/nixlaw.com\/?s={search_term_string}"},"query-input":{"@type":"PropertyValueSpecification","valueRequired":true,"valueName":"search_term_string"}}],"inLanguage":"es"},{"@type":"Organization","@id":"https:\/\/nixlaw.com\/#organization","name":"Nix Patterson, LLP","url":"https:\/\/nixlaw.com\/","logo":{"@type":"ImageObject","inLanguage":"es","@id":"https:\/\/nixlaw.com\/#\/schema\/logo\/image\/","url":"https:\/\/nixlaw.com\/wp-content\/uploads\/2022\/12\/cropped-nix-logo-vector-logo-tag.webp","contentUrl":"https:\/\/nixlaw.com\/wp-content\/uploads\/2022\/12\/cropped-nix-logo-vector-logo-tag.webp","width":1198,"height":272,"caption":"Nix Patterson, LLP"},"image":{"@id":"https:\/\/nixlaw.com\/#\/schema\/logo\/image\/"},"sameAs":["https:\/\/www.facebook.com\/Nix-Patterson-Roach-LLP-560328770976672\/","https:\/\/www.linkedin.com\/company\/11394755\/"]}]}},"_links":{"self":[{"href":"https:\/\/nixlaw.com\/es\/wp-json\/wp\/v2\/pages\/5551","targetHints":{"allow":["GET"]}}],"collection":[{"href":"https:\/\/nixlaw.com\/es\/wp-json\/wp\/v2\/pages"}],"about":[{"href":"https:\/\/nixlaw.com\/es\/wp-json\/wp\/v2\/types\/page"}],"author":[{"embeddable":true,"href":"https:\/\/nixlaw.com\/es\/wp-json\/wp\/v2\/users\/1"}],"replies":[{"embeddable":true,"href":"https:\/\/nixlaw.com\/es\/wp-json\/wp\/v2\/comments?post=5551"}],"version-history":[{"count":0,"href":"https:\/\/nixlaw.com\/es\/wp-json\/wp\/v2\/pages\/5551\/revisions"}],"up":[{"embeddable":true,"href":"https:\/\/nixlaw.com\/es\/wp-json\/wp\/v2\/pages\/5523"}],"wp:featuredmedia":[{"embeddable":true,"href":"https:\/\/nixlaw.com\/es\/wp-json\/wp\/v2\/media\/5546"}],"wp:attachment":[{"href":"https:\/\/nixlaw.com\/es\/wp-json\/wp\/v2\/media?parent=5551"}],"curies":[{"name":"wp","href":"https:\/\/api.w.org\/{rel}","templated":true}]}}