{"id":5555,"date":"2024-09-12T06:30:12","date_gmt":"2024-09-12T06:30:12","guid":{"rendered":"https:\/\/nixlaw.com\/sala-de-prensa\/el-papel-del-abogado-brad-beckworth-en-el-equipo-de-gestion-de-johnny-manziel\/"},"modified":"2024-11-26T09:44:44","modified_gmt":"2024-11-26T09:44:44","slug":"el-papel-del-abogado-brad-beckworth-en-el-equipo-de-gestion-de-johnny-manziel","status":"publish","type":"page","link":"https:\/\/nixlaw.com\/es\/sala-de-prensa\/el-papel-del-abogado-brad-beckworth-en-el-equipo-de-gestion-de-johnny-manziel\/","title":{"rendered":"Brad Beckworth\u2019s Role in Managing Johnny Manziel\u2019s Legal Affairs"},"content":{"rendered":"\r\n<h2>SAN DIEGO \u2014 A wicked wind whips the waves on to an almost-deserted Mission Beach still shrouded by the early-morning fog. It&#8217;s 55 degrees on the shore but colder in the Pacific Ocean when Johnny Manziel wades into waist-deep water.<\/h2>\r\n<p>Es el comienzo de otro d\u00eda de nueve horas para Manziel, trabajando con el gur\u00fa de los mariscales de campo George Whitfield Jr., por tercer a\u00f1o consecutivo. Manziel tiene un prop\u00f3sito m\u00e1s grande este a\u00f1o. \u00c9l<br \/>quiere enviar un mensaje a la NFL, en particular a los Houston Texans, que tienen la primera selecci\u00f3n global en el draft de mayo.<\/p>\r\n<p>Manziel, extravagante dentro y fuera del campo, est\u00e1 decidido a mostrarle a los Texans que es m\u00e1s que un ganador del Trofeo Heisman con un apodo caracter\u00edstico y m\u00e1s que un prospecto<br \/>cuya habilidad natural puede rayar en la brillantez. Quiere demostrar un enfoque l\u00e1ser y un impulso interminable hacia la perfecci\u00f3n.<\/p>\r\n<p>Quiz\u00e1s a\u00fan m\u00e1s importante, Johnny Manziel quiere distanciarse de Johnny Football.<\/p>\r\n<p>Es por eso que est\u00e1 en el agua fr\u00eda del oc\u00e9ano con Whitfield gritando \u00f3rdenes, pareciendo m\u00e1s como si estuviera entrenando para los Navy SEAL que para el draft de la NFL.<\/p>\r\n\r\n\r\n\r\n<p><strong><a href=\"https:\/\/nixlaw.com\/wp-content\/uploads\/2024\/09\/2-14-14-Beckworth-NCAAManziel.pdf\">Seguir leyendo<\/a><\/strong><\/p>\r\n<p>&nbsp;<\/p>\r\n\r\n\r\n","protected":false},"excerpt":{"rendered":"<p>SAN DIEGO \u2014 A wicked wind whips the waves on to an almost-deserted Mission Beach still shrouded by the early-morning fog. It&#8217;s 55 degrees on the shore but colder in the Pacific Ocean when Johnny Manziel wades into waist-deep water. Es el comienzo de otro d\u00eda de nueve horas para Manziel, trabajando con el gur\u00fa [&hellip;]<\/p>\n","protected":false},"author":1,"featured_media":5542,"parent":5523,"menu_order":0,"comment_status":"closed","ping_status":"closed","template":"","meta":{"_acf_changed":false,"footnotes":""},"class_list":["post-5555","page","type-page","status-publish","has-post-thumbnail","hentry"],"acf":[],"yoast_head":"<!-- This site is optimized with the Yoast SEO plugin v27.5 - https:\/\/yoast.com\/product\/yoast-seo-wordpress\/ -->\n<title>Brad Beckworth en equipo de Johnny Manziel | Nix Patterson<\/title>\n<meta name=\"robots\" content=\"index, follow, max-snippet:-1, max-image-preview:large, max-video-preview:-1\" \/>\n<link rel=\"canonical\" href=\"https:\/\/nixlaw.com\/es\/sala-de-prensa\/el-papel-del-abogado-brad-beckworth-en-el-equipo-de-gestion-de-johnny-manziel\/\" \/>\n<meta property=\"og:locale\" content=\"es_ES\" \/>\n<meta property=\"og:type\" content=\"article\" \/>\n<meta property=\"og:title\" content=\"Brad Beckworth en equipo de Johnny Manziel | Nix Patterson\" \/>\n<meta property=\"og:description\" content=\"SAN DIEGO \u2014 A wicked wind whips the waves on to an almost-deserted Mission Beach still shrouded by the early-morning fog. It&#8217;s 55 degrees on the shore but colder in the Pacific Ocean when Johnny Manziel wades into waist-deep water. Es el comienzo de otro d\u00eda de nueve horas para Manziel, trabajando con el gur\u00fa [&hellip;]\" \/>\n<meta property=\"og:url\" content=\"https:\/\/nixlaw.com\/es\/sala-de-prensa\/el-papel-del-abogado-brad-beckworth-en-el-equipo-de-gestion-de-johnny-manziel\/\" \/>\n<meta property=\"og:site_name\" content=\"Nix Patterson, LLP\" \/>\n<meta property=\"article:publisher\" content=\"https:\/\/www.facebook.com\/Nix-Patterson-Roach-LLP-560328770976672\/\" \/>\n<meta property=\"article:modified_time\" content=\"2024-11-26T09:44:44+00:00\" \/>\n<meta property=\"og:image\" content=\"https:\/\/nixlaw.com\/wp-content\/uploads\/2024\/09\/nix-p-nfl-quarterback-66e284eaaa689.webp\" \/>\n\t<meta property=\"og:image:width\" content=\"1055\" \/>\n\t<meta property=\"og:image:height\" content=\"701\" \/>\n\t<meta property=\"og:image:type\" content=\"image\/webp\" \/>\n<meta name=\"twitter:card\" content=\"summary_large_image\" \/>\n<meta name=\"twitter:label1\" content=\"Tiempo de lectura\" \/>\n\t<meta name=\"twitter:data1\" content=\"2 minutos\" \/>\n<!-- \/ Yoast SEO plugin. -->","yoast_head_json":{"title":"Brad Beckworth en equipo de Johnny Manziel | Nix Patterson","robots":{"index":"index","follow":"follow","max-snippet":"max-snippet:-1","max-image-preview":"max-image-preview:large","max-video-preview":"max-video-preview:-1"},"canonical":"https:\/\/nixlaw.com\/es\/sala-de-prensa\/el-papel-del-abogado-brad-beckworth-en-el-equipo-de-gestion-de-johnny-manziel\/","og_locale":"es_ES","og_type":"article","og_title":"Brad Beckworth en equipo de Johnny Manziel | Nix Patterson","og_description":"SAN DIEGO \u2014 A wicked wind whips the waves on to an almost-deserted Mission Beach still shrouded by the early-morning fog. It&#8217;s 55 degrees on the shore but colder in the Pacific Ocean when Johnny Manziel wades into waist-deep water. Es el comienzo de otro d\u00eda de nueve horas para Manziel, trabajando con el gur\u00fa [&hellip;]","og_url":"https:\/\/nixlaw.com\/es\/sala-de-prensa\/el-papel-del-abogado-brad-beckworth-en-el-equipo-de-gestion-de-johnny-manziel\/","og_site_name":"Nix Patterson, LLP","article_publisher":"https:\/\/www.facebook.com\/Nix-Patterson-Roach-LLP-560328770976672\/","article_modified_time":"2024-11-26T09:44:44+00:00","og_image":[{"width":1055,"height":701,"url":"https:\/\/nixlaw.com\/wp-content\/uploads\/2024\/09\/nix-p-nfl-quarterback-66e284eaaa689.webp","type":"image\/webp"}],"twitter_card":"summary_large_image","twitter_misc":{"Tiempo de lectura":"2 minutos"},"schema":{"@context":"https:\/\/schema.org","@graph":[{"@type":"WebPage","@id":"https:\/\/nixlaw.com\/es\/sala-de-prensa\/el-papel-del-abogado-brad-beckworth-en-el-equipo-de-gestion-de-johnny-manziel\/","url":"https:\/\/nixlaw.com\/es\/sala-de-prensa\/el-papel-del-abogado-brad-beckworth-en-el-equipo-de-gestion-de-johnny-manziel\/","name":"Brad Beckworth en equipo de Johnny Manziel | Nix Patterson","isPartOf":{"@id":"https:\/\/nixlaw.com\/#website"},"primaryImageOfPage":{"@id":"https:\/\/nixlaw.com\/es\/sala-de-prensa\/el-papel-del-abogado-brad-beckworth-en-el-equipo-de-gestion-de-johnny-manziel\/#primaryimage"},"image":{"@id":"https:\/\/nixlaw.com\/es\/sala-de-prensa\/el-papel-del-abogado-brad-beckworth-en-el-equipo-de-gestion-de-johnny-manziel\/#primaryimage"},"thumbnailUrl":"https:\/\/nixlaw.com\/wp-content\/uploads\/2024\/09\/nix-p-nfl-quarterback-66e284eaaa689.webp","datePublished":"2024-09-12T06:30:12+00:00","dateModified":"2024-11-26T09:44:44+00:00","breadcrumb":{"@id":"https:\/\/nixlaw.com\/es\/sala-de-prensa\/el-papel-del-abogado-brad-beckworth-en-el-equipo-de-gestion-de-johnny-manziel\/#breadcrumb"},"inLanguage":"es","potentialAction":[{"@type":"ReadAction","target":["https:\/\/nixlaw.com\/es\/sala-de-prensa\/el-papel-del-abogado-brad-beckworth-en-el-equipo-de-gestion-de-johnny-manziel\/"]}]},{"@type":"ImageObject","inLanguage":"es","@id":"https:\/\/nixlaw.com\/es\/sala-de-prensa\/el-papel-del-abogado-brad-beckworth-en-el-equipo-de-gestion-de-johnny-manziel\/#primaryimage","url":"https:\/\/nixlaw.com\/wp-content\/uploads\/2024\/09\/nix-p-nfl-quarterback-66e284eaaa689.webp","contentUrl":"https:\/\/nixlaw.com\/wp-content\/uploads\/2024\/09\/nix-p-nfl-quarterback-66e284eaaa689.webp","width":1055,"height":701},{"@type":"BreadcrumbList","@id":"https:\/\/nixlaw.com\/es\/sala-de-prensa\/el-papel-del-abogado-brad-beckworth-en-el-equipo-de-gestion-de-johnny-manziel\/#breadcrumb","itemListElement":[{"@type":"ListItem","position":1,"name":"Nix Patterson, LLP","item":"https:\/\/nixlaw.com\/es\/"},{"@type":"ListItem","position":2,"name":"Sala de Prensa","item":"https:\/\/nixlaw.com\/es\/sala-de-prensa\/"},{"@type":"ListItem","position":3,"name":"Brad Beckworth\u2019s Role in Managing Johnny Manziel\u2019s Legal Affairs"}]},{"@type":"WebSite","@id":"https:\/\/nixlaw.com\/#website","url":"https:\/\/nixlaw.com\/","name":"Nix Patterson, LLP","description":"A national contingency fee law firm providing litigation strategies and solutions","publisher":{"@id":"https:\/\/nixlaw.com\/#organization"},"alternateName":"Nix Law","potentialAction":[{"@type":"SearchAction","target":{"@type":"EntryPoint","urlTemplate":"https:\/\/nixlaw.com\/?s={search_term_string}"},"query-input":{"@type":"PropertyValueSpecification","valueRequired":true,"valueName":"search_term_string"}}],"inLanguage":"es"},{"@type":"Organization","@id":"https:\/\/nixlaw.com\/#organization","name":"Nix Patterson, LLP","url":"https:\/\/nixlaw.com\/","logo":{"@type":"ImageObject","inLanguage":"es","@id":"https:\/\/nixlaw.com\/#\/schema\/logo\/image\/","url":"https:\/\/nixlaw.com\/wp-content\/uploads\/2022\/12\/cropped-nix-logo-vector-logo-tag.webp","contentUrl":"https:\/\/nixlaw.com\/wp-content\/uploads\/2022\/12\/cropped-nix-logo-vector-logo-tag.webp","width":1198,"height":272,"caption":"Nix Patterson, LLP"},"image":{"@id":"https:\/\/nixlaw.com\/#\/schema\/logo\/image\/"},"sameAs":["https:\/\/www.facebook.com\/Nix-Patterson-Roach-LLP-560328770976672\/","https:\/\/www.linkedin.com\/company\/11394755\/"]}]}},"_links":{"self":[{"href":"https:\/\/nixlaw.com\/es\/wp-json\/wp\/v2\/pages\/5555","targetHints":{"allow":["GET"]}}],"collection":[{"href":"https:\/\/nixlaw.com\/es\/wp-json\/wp\/v2\/pages"}],"about":[{"href":"https:\/\/nixlaw.com\/es\/wp-json\/wp\/v2\/types\/page"}],"author":[{"embeddable":true,"href":"https:\/\/nixlaw.com\/es\/wp-json\/wp\/v2\/users\/1"}],"replies":[{"embeddable":true,"href":"https:\/\/nixlaw.com\/es\/wp-json\/wp\/v2\/comments?post=5555"}],"version-history":[{"count":0,"href":"https:\/\/nixlaw.com\/es\/wp-json\/wp\/v2\/pages\/5555\/revisions"}],"up":[{"embeddable":true,"href":"https:\/\/nixlaw.com\/es\/wp-json\/wp\/v2\/pages\/5523"}],"wp:featuredmedia":[{"embeddable":true,"href":"https:\/\/nixlaw.com\/es\/wp-json\/wp\/v2\/media\/5542"}],"wp:attachment":[{"href":"https:\/\/nixlaw.com\/es\/wp-json\/wp\/v2\/media?parent=5555"}],"curies":[{"name":"wp","href":"https:\/\/api.w.org\/{rel}","templated":true}]}}