{"id":6436,"date":"2025-10-10T03:15:20","date_gmt":"2025-10-10T03:15:20","guid":{"rendered":"https:\/\/nixlaw.com\/becas\/"},"modified":"2026-01-08T03:01:32","modified_gmt":"2026-01-08T03:01:32","slug":"becas","status":"publish","type":"page","link":"https:\/\/nixlaw.com\/es\/becas\/","title":{"rendered":"Becas"},"content":{"rendered":"\t\t<div data-elementor-type=\"wp-page\" data-elementor-id=\"6436\" class=\"elementor elementor-6436 elementor-6392\" data-elementor-post-type=\"page\">\n\t\t\t\t\t\t<section class=\"elementor-section elementor-top-section elementor-element elementor-element-85f8433 elementor-section-height-min-height elementor-section-boxed elementor-section-height-default elementor-section-items-middle\" data-id=\"85f8433\" data-element_type=\"section\" data-e-type=\"section\" data-settings=\"{&quot;background_background&quot;:&quot;classic&quot;}\">\n\t\t\t\t\t\t\t<div class=\"elementor-background-overlay\"><\/div>\n\t\t\t\t\t\t\t<div class=\"elementor-container elementor-column-gap-wider\">\n\t\t\t\t\t<div class=\"elementor-column elementor-col-100 elementor-top-column elementor-element elementor-element-e5036c9\" data-id=\"e5036c9\" data-element_type=\"column\" data-e-type=\"column\">\n\t\t\t<div class=\"elementor-widget-wrap elementor-element-populated\">\n\t\t\t\t\t\t<div class=\"elementor-element elementor-element-33e6baa elementor-widget elementor-widget-heading\" data-id=\"33e6baa\" data-element_type=\"widget\" data-e-type=\"widget\" data-settings=\"{&quot;_animation&quot;:&quot;none&quot;,&quot;_animation_delay&quot;:600}\" data-widget_type=\"heading.default\">\n\t\t\t\t<div class=\"elementor-widget-container\">\n\t\t\t\t\t<h1 class=\"elementor-heading-title elementor-size-default\">Becas<\/h1>\t\t\t\t<\/div>\n\t\t\t\t<\/div>\n\t\t\t\t\t<\/div>\n\t\t<\/div>\n\t\t\t\t\t<\/div>\n\t\t<\/section>\n\t\t\t\t<section class=\"elementor-section elementor-top-section elementor-element elementor-element-6c7215f elementor-section-boxed elementor-section-height-default elementor-section-height-default\" data-id=\"6c7215f\" data-element_type=\"section\" data-e-type=\"section\">\n\t\t\t\t\t\t<div class=\"elementor-container elementor-column-gap-default\">\n\t\t\t\t\t<div class=\"elementor-column elementor-col-100 elementor-top-column elementor-element elementor-element-823846f\" data-id=\"823846f\" data-element_type=\"column\" data-e-type=\"column\">\n\t\t\t<div class=\"elementor-widget-wrap elementor-element-populated\">\n\t\t\t\t\t\t<div class=\"elementor-element elementor-element-b7a3fb4 elementor-widget-divider--separator-type-pattern elementor-widget-divider--view-line elementor-widget elementor-widget-divider\" data-id=\"b7a3fb4\" data-element_type=\"widget\" data-e-type=\"widget\" data-widget_type=\"divider.default\">\n\t\t\t\t<div class=\"elementor-widget-container\">\n\t\t\t\t\t\t\t<div class=\"elementor-divider\" style=\"--divider-pattern-url: url(&quot;data:image\/svg+xml,%3Csvg xmlns=&#039;http:\/\/www.w3.org\/2000\/svg&#039; preserveAspectRatio=&#039;none&#039; overflow=&#039;visible&#039; height=&#039;100%&#039; viewBox=&#039;0 0 20 16&#039; fill=&#039;none&#039; stroke=&#039;black&#039; stroke-width=&#039;2&#039; stroke-linecap=&#039;square&#039; stroke-miterlimit=&#039;10&#039;%3E%3Cg transform=&#039;translate(-12.000000, 0)&#039;%3E%3Cpath d=&#039;M28,0L10,18&#039;\/%3E%3Cpath d=&#039;M18,0L0,18&#039;\/%3E%3Cpath d=&#039;M48,0L30,18&#039;\/%3E%3Cpath d=&#039;M38,0L20,18&#039;\/%3E%3C\/g%3E%3C\/svg%3E&quot;);\">\n\t\t\t<span class=\"elementor-divider-separator\">\n\t\t\t\t\t\t<\/span>\n\t\t<\/div>\n\t\t\t\t\t\t<\/div>\n\t\t\t\t<\/div>\n\t\t\t\t<div class=\"elementor-element elementor-element-12c1d44 elementor-widget elementor-widget-text-editor\" data-id=\"12c1d44\" data-element_type=\"widget\" data-e-type=\"widget\" data-settings=\"{&quot;_animation&quot;:&quot;none&quot;}\" data-widget_type=\"text-editor.default\">\n\t\t\t\t<div class=\"elementor-widget-container\">\n\t\t\t\t\t\t\t\t\t<h2 style=\"font-family: 'Titillium Web', sans-serif; font-weight: 500; line-height: 30.8px; color: #032944; font-size: 28px; text-transform: none; letter-spacing: 0.2px;\"><span class=\"ez-toc-section\" id=\"Programa_De_Becas_De_Nix_Patterson\"><\/span>Programa De Becas De Nix Patterson<span class=\"ez-toc-section-end\"><\/span><\/h2><p>Nix Patterson Se Enorgullece De Apoyar La Educaci\u00f3n Y El Progreso De Las Futuras Generaciones En Su B\u00fasqueda De La Excelencia Y El Liderazgo. Como Bufete De Abogados Nacional Comprometido Con La Justicia, La Integridad Y El Impacto En La Comunidad, Nix Patterson Cree Que Empoderar A Los Estudiantes A Trav\u00e9s De La Educaci\u00f3n Es Una De Las Formas M\u00e1s Significativas De Crear Un Cambio Duradero En Nuestras Comunidades Y M\u00e1s All\u00e1. La Firma Tiene Una Larga Tradici\u00f3n De Retribuir A Trav\u00e9s De Iniciativas Ben\u00e9ficas, Alianzas Comunitarias Y Apoyo Educativo. A Trav\u00e9s De Nuestros Programas De Becas, Esperamos Inspirar Y Ayudar A Estudiantes Que Demuestren Un Logro Acad\u00e9mico Excepcional, Resiliencia Personal Y Un Fuerte Compromiso Con Servir A Los Dem\u00e1s.   <\/p><div id=\"ez-toc-container\" class=\"ez-toc-v2_0_80 counter-hierarchy ez-toc-counter ez-toc-custom ez-toc-container-direction\">\n<div class=\"ez-toc-title-container\">\n<p class=\"ez-toc-title\" style=\"cursor:inherit\">Table of Contents<\/p>\n<span class=\"ez-toc-title-toggle\"><a href=\"#\" class=\"ez-toc-pull-right ez-toc-btn ez-toc-btn-xs ez-toc-btn-default ez-toc-toggle\" aria-label=\"Toggle Table of Content\"><span class=\"ez-toc-js-icon-con\"><span class=\"\"><span class=\"eztoc-hide\" style=\"display:none;\">Toggle<\/span><span class=\"ez-toc-icon-toggle-span\"><svg style=\"fill: #000000;color:#000000\" xmlns=\"http:\/\/www.w3.org\/2000\/svg\" class=\"list-377408\" width=\"20px\" height=\"20px\" viewBox=\"0 0 24 24\" fill=\"none\"><path d=\"M6 6H4v2h2V6zm14 0H8v2h12V6zM4 11h2v2H4v-2zm16 0H8v2h12v-2zM4 16h2v2H4v-2zm16 0H8v2h12v-2z\" fill=\"currentColor\"><\/path><\/svg><svg style=\"fill: #000000;color:#000000\" class=\"arrow-unsorted-368013\" xmlns=\"http:\/\/www.w3.org\/2000\/svg\" width=\"10px\" height=\"10px\" viewBox=\"0 0 24 24\" version=\"1.2\" baseProfile=\"tiny\"><path d=\"M18.2 9.3l-6.2-6.3-6.2 6.3c-.2.2-.3.4-.3.7s.1.5.3.7c.2.2.4.3.7.3h11c.3 0 .5-.1.7-.3.2-.2.3-.5.3-.7s-.1-.5-.3-.7zM5.8 14.7l6.2 6.3 6.2-6.3c.2-.2.3-.5.3-.7s-.1-.5-.3-.7c-.2-.2-.4-.3-.7-.3h-11c-.3 0-.5.1-.7.3-.2.2-.3.5-.3.7s.1.5.3.7z\"\/><\/svg><\/span><\/span><\/span><\/a><\/span><\/div>\n<nav><ul class='ez-toc-list ez-toc-list-level-1 ' ><li class='ez-toc-page-1 ez-toc-heading-level-2'><a class=\"ez-toc-link ez-toc-heading-1\" href=\"https:\/\/nixlaw.com\/es\/becas\/#Programa_De_Becas_De_Nix_Patterson\" >Programa De Becas De Nix Patterson<\/a><\/li><li class='ez-toc-page-1 ez-toc-heading-level-2'><a class=\"ez-toc-link ez-toc-heading-2\" href=\"https:\/\/nixlaw.com\/es\/becas\/#Monto_Del_Premio_5000\" >Monto Del Premio: $5,000<\/a><\/li><li class='ez-toc-page-1 ez-toc-heading-level-2'><a class=\"ez-toc-link ez-toc-heading-3\" href=\"https:\/\/nixlaw.com\/es\/becas\/#Requisitos_De_Solicitud\" >Requisitos De Solicitud:<\/a><\/li><li class='ez-toc-page-1 ez-toc-heading-level-2'><a class=\"ez-toc-link ez-toc-heading-4\" href=\"https:\/\/nixlaw.com\/es\/becas\/#Fecha_Limite_Para_Postular\" >Fecha L\u00edmite Para Postular:<\/a><\/li><li class='ez-toc-page-1 ez-toc-heading-level-2'><a class=\"ez-toc-link ez-toc-heading-5\" href=\"https:\/\/nixlaw.com\/es\/becas\/#2_Beca_Legal_De_Nix_Patterson\" >2) Beca Legal De Nix Patterson<\/a><\/li><li class='ez-toc-page-1 ez-toc-heading-level-2'><a class=\"ez-toc-link ez-toc-heading-6\" href=\"https:\/\/nixlaw.com\/es\/becas\/#Monto_Del_Premio_5000-2\" >Monto Del Premio: $5,000<\/a><\/li><li class='ez-toc-page-1 ez-toc-heading-level-2'><a class=\"ez-toc-link ez-toc-heading-7\" href=\"https:\/\/nixlaw.com\/es\/becas\/#Elegibilidad\" >Elegibilidad:<\/a><\/li><li class='ez-toc-page-1 ez-toc-heading-level-2'><a class=\"ez-toc-link ez-toc-heading-8\" href=\"https:\/\/nixlaw.com\/es\/becas\/#Requisitos_De_Solicitud-2\" >Requisitos De Solicitud:<\/a><\/li><li class='ez-toc-page-1 ez-toc-heading-level-2'><a class=\"ez-toc-link ez-toc-heading-9\" href=\"https:\/\/nixlaw.com\/es\/becas\/#Proceso_De_Evaluacion_Y_Otorgamiento\" >Proceso De Evaluaci\u00f3n Y Otorgamiento:<\/a><\/li><li class='ez-toc-page-1 ez-toc-heading-level-2'><a class=\"ez-toc-link ez-toc-heading-10\" href=\"https:\/\/nixlaw.com\/es\/becas\/#Fecha_Limite_Para_Postular-2\" >Fecha L\u00edmite Para Postular:<\/a><\/li><\/ul><\/nav><\/div>\n<p>Cursar Estudios Superiores Es Un Viaje A La Vez Emocionante Y Desafiante Que A Menudo Requiere Una Inversi\u00f3n Financiera Importante. Nix Patterson Busca Reconocer A Los Estudiantes Que Han Demostrado Dedicaci\u00f3n A Sus Estudios, Perseverancia Para Superar Obst\u00e1culos Y Participaci\u00f3n Activa En Sus Comunidades. <\/p><p>Para Este A\u00f1o Acad\u00e9mico, Nix Patterson Se Complace En Anunciar Dos Oportunidades De Becas:<\/p><p><span style=\"background-color: transparent; color: #032944; font-family: 'Titillium Web', sans-serif; font-size: 28px; letter-spacing: 0.2px;\">1) Beca Universitaria De Nix Patterson <\/span><\/p><p>Para Estudiantes De \u00daltimo A\u00f1o De Preparatoria Que Se Grad\u00faan O Estudiantes Universitarios De Pregrado Que Contin\u00faan Su Educaci\u00f3n En Una Universidad O Instituci\u00f3n De Educaci\u00f3n Superior Acreditada.<\/p><h2 style=\"font-family: 'Titillium Web', sans-serif; font-weight: 500; line-height: 30.8px; color: #032944; font-size: 28px; text-transform: none; letter-spacing: 0.2px;\"><span class=\"ez-toc-section\" id=\"Monto_Del_Premio_5000\"><\/span>Monto Del Premio: $5,000<span class=\"ez-toc-section-end\"><\/span><\/h2><div><span style=\"color: #032944; font-family: 'Titillium Web', sans-serif; font-size: 28px; letter-spacing: 0.2px;\">Elegibilidad:<\/span><\/div><ul><li style=\"font-size: 16px;\">Debe Ser Ciudadano De Los EE. UU. O Residente Permanente<\/li><li style=\"font-size: 16px;\">Debe Ser Estudiante De \u00daltimo A\u00f1o De Preparatoria O Estudiante De Primer O Segundo A\u00f1o De Universidad\/Escuela T\u00e9cnica<\/li><li style=\"font-size: 16px;\">Debe Tener Un Promedio General (GPA) Acumulado De 3.5 O Superior<\/li><li>Debe Demostrar Participaci\u00f3n Comunitaria<\/li><\/ul><div><h2 style=\"font-family: 'Titillium Web', sans-serif; font-weight: 500; line-height: 30.8px; color: #032944; font-size: 28px; text-transform: none; letter-spacing: 0.2px;\"><span class=\"ez-toc-section\" id=\"Requisitos_De_Solicitud\"><\/span>Requisitos De Solicitud:<span class=\"ez-toc-section-end\"><\/span><\/h2><\/div><ul style=\"font-size: 16px; background-color: #ffffff; letter-spacing: 0.2px;\"><li style=\"font-size: 16px;\">Env\u00ede Un Ensayo De 500\u2013700 Palabras Y\/O Un Video De 1\u20132 Minutos Present\u00e1ndose, Sus Metas Educativas Y Profesionales, Los Desaf\u00edos Que Ha Superado Y Su Compromiso Con El Servicio Comunitario.<\/li><li style=\"font-size: 16px;\">Proporcione Una Copia No Oficial De Su Historial Acad\u00e9mico De Preparatoria O Universidad.<\/li><\/ul><h2 style=\"font-family: 'Titillium Web', sans-serif; font-weight: 500; line-height: 30.8px; color: #032944; font-size: 28px; text-transform: none; letter-spacing: 0.2px;\"><span class=\"ez-toc-section\" id=\"Fecha_Limite_Para_Postular\"><\/span>Fecha L\u00edmite Para Postular:<span class=\"ez-toc-section-end\"><\/span><\/h2><p>Todas Las Solicitudes Y Los Materiales De Apoyo Deben Presentarse Antes Del <strong>31 De Julio De 2026.<\/strong><\/p><p>Para Postular En L\u00ednea, Seleccione El Bot\u00f3n De Solicitud A Continuaci\u00f3n.<\/p>\t\t\t\t\t\t\t\t<\/div>\n\t\t\t\t<\/div>\n\t\t\t\t\t<\/div>\n\t\t<\/div>\n\t\t\t\t\t<\/div>\n\t\t<\/section>\n\t\t\t\t<section class=\"elementor-section elementor-top-section elementor-element elementor-element-3c9980a elementor-section-boxed elementor-section-height-default elementor-section-height-default\" data-id=\"3c9980a\" data-element_type=\"section\" data-e-type=\"section\">\n\t\t\t\t\t\t<div class=\"elementor-container elementor-column-gap-default\">\n\t\t\t\t\t<div class=\"elementor-column elementor-col-100 elementor-top-column elementor-element elementor-element-4bca45b\" data-id=\"4bca45b\" data-element_type=\"column\" data-e-type=\"column\">\n\t\t\t<div class=\"elementor-widget-wrap elementor-element-populated\">\n\t\t\t\t\t\t<div class=\"elementor-element elementor-element-77577f2 elementor-align-left elementor-widget elementor-widget-button\" data-id=\"77577f2\" data-element_type=\"widget\" data-e-type=\"widget\" data-widget_type=\"button.default\">\n\t\t\t\t<div class=\"elementor-widget-container\">\n\t\t\t\t\t\t\t\t\t<div class=\"elementor-button-wrapper\">\n\t\t\t\t\t<a class=\"elementor-button elementor-button-link elementor-size-sm\" href=\"https:\/\/nixlaw.com\/scholarships\/collegiate-scholarship-award\/\">\n\t\t\t\t\t\t<span class=\"elementor-button-content-wrapper\">\n\t\t\t\t\t\t\t\t\t<span class=\"elementor-button-text\">Solicitud De Beca Universitaria<\/span>\n\t\t\t\t\t<\/span>\n\t\t\t\t\t<\/a>\n\t\t\t\t<\/div>\n\t\t\t\t\t\t\t\t<\/div>\n\t\t\t\t<\/div>\n\t\t\t\t\t<\/div>\n\t\t<\/div>\n\t\t\t\t\t<\/div>\n\t\t<\/section>\n\t\t\t\t<section class=\"elementor-section elementor-top-section elementor-element elementor-element-de6a905 elementor-section-boxed elementor-section-height-default elementor-section-height-default\" data-id=\"de6a905\" data-element_type=\"section\" data-e-type=\"section\">\n\t\t\t\t\t\t<div class=\"elementor-container elementor-column-gap-default\">\n\t\t\t\t\t<div class=\"elementor-column elementor-col-100 elementor-top-column elementor-element elementor-element-cde2de0\" data-id=\"cde2de0\" data-element_type=\"column\" data-e-type=\"column\">\n\t\t\t<div class=\"elementor-widget-wrap elementor-element-populated\">\n\t\t\t\t\t\t<div class=\"elementor-element elementor-element-b4320a3 elementor-widget elementor-widget-text-editor\" data-id=\"b4320a3\" data-element_type=\"widget\" data-e-type=\"widget\" data-settings=\"{&quot;_animation&quot;:&quot;none&quot;}\" data-widget_type=\"text-editor.default\">\n\t\t\t\t<div class=\"elementor-widget-container\">\n\t\t\t\t\t\t\t\t\t<h2 style=\"font-family: 'Titillium Web', sans-serif; font-weight: 500; line-height: 30.8px; color: #032944; font-size: 28px; text-transform: none; letter-spacing: 0.2px;\"><span class=\"ez-toc-section\" id=\"2_Beca_Legal_De_Nix_Patterson\"><\/span><span style=\"letter-spacing: 0.2px;\">2) Beca Legal De Nix Patterson<\/span><span class=\"ez-toc-section-end\"><\/span><\/h2><div><p>Para Un Estudiante Merecedor Aceptado En La Facultad De Derecho O Actualmente Matriculado En Ella.<\/p><h2 style=\"font-family: 'Titillium Web', sans-serif; font-weight: 500; line-height: 30.8px; color: #032944; font-size: 28px; text-transform: none; letter-spacing: 0.2px;\"><span class=\"ez-toc-section\" id=\"Monto_Del_Premio_5000-2\"><\/span>Monto Del Premio: $5,000<span class=\"ez-toc-section-end\"><\/span><\/h2><h2 style=\"font-family: 'Titillium Web', sans-serif; font-weight: 500; line-height: 30.8px; color: #032944; font-size: 28px; text-transform: none; letter-spacing: 0.2px;\"><span class=\"ez-toc-section\" id=\"Elegibilidad\"><\/span>Elegibilidad:<span class=\"ez-toc-section-end\"><\/span><\/h2><ul style=\"font-size: 16px; background-color: #ffffff; letter-spacing: 0.2px;\"><li style=\"font-size: 16px;\">Debe Ser Ciudadano De Los EE. UU. O Residente Permanente<\/li><li style=\"font-size: 16px;\">Debe Estar Aceptado En La Facultad De Derecho O Matriculado En Ella<\/li><li style=\"font-size: 16px;\">Debe Tener Un Promedio General (GPA) Acumulado De 3.5 O Superior<\/li><li style=\"font-size: 16px;\">Debe Demostrar Participaci\u00f3n Comunitaria<\/li><\/ul><h2 style=\"font-family: 'Titillium Web', sans-serif; font-weight: 500; line-height: 30.8px; color: #032944; font-size: 28px; text-transform: none; letter-spacing: 0.2px;\"><span class=\"ez-toc-section\" id=\"Requisitos_De_Solicitud-2\"><\/span>Requisitos De Solicitud:<span class=\"ez-toc-section-end\"><\/span><\/h2><ul style=\"font-size: 16px; background-color: #ffffff; letter-spacing: 0.2px;\" data-start=\"2286\" data-end=\"2843\"><li style=\"font-size: 16px;\">Env\u00ede Un Ensayo De 500\u2013700 Palabras Y\/O Un Video De 1\u20132 Minutos Present\u00e1ndose, Sus Metas Educativas Y Profesionales, Los Desaf\u00edos Que Ha Superado Y Su Compromiso Con El Servicio Comunitario.<\/li><li style=\"font-size: 16px;\">Proporcione Una Copia No Oficial De Su Historial Acad\u00e9mico De La Facultad De Derecho.<\/li><\/ul><\/div><h2><span class=\"ez-toc-section\" id=\"Proceso_De_Evaluacion_Y_Otorgamiento\"><\/span>Proceso De Evaluaci\u00f3n Y Otorgamiento:<span class=\"ez-toc-section-end\"><\/span><\/h2><p>Todas Las Solicitudes Ser\u00e1n Revisadas Por Un Panel De Abogados Y Personal De Nix Patterson. Los Beneficiarios Ser\u00e1n Seleccionados En Funci\u00f3n Del Rendimiento Acad\u00e9mico, La Participaci\u00f3n Comunitaria Y La Claridad E Inspiraci\u00f3n De Su Ensayo O Video Presentado. <\/p><p>Las Becas De Nix Patterson Son Premios Monetarios \u00danicos Que Se Aplicar\u00e1n Directamente A La Matr\u00edcula O A Gastos Educativos. Los Ganadores Ser\u00e1n Notificados Por Correo Electr\u00f3nico Y Anunciados En El Sitio Web Oficial De Nix Patterson Y En Sus Canales De Redes Sociales. <\/p><h2 style=\"font-family: 'Titillium Web', sans-serif; font-weight: 500; line-height: 30.8px; color: #032944; font-size: 28px; text-transform: none; letter-spacing: 0.2px;\"><span class=\"ez-toc-section\" id=\"Fecha_Limite_Para_Postular-2\"><\/span>Fecha L\u00edmite Para Postular:<span class=\"ez-toc-section-end\"><\/span><\/h2><p>Todas Las Solicitudes Y Los Materiales De Apoyo Deben Presentarse Antes Del <strong>31 De Julio De 2026.<\/strong><\/p><p><span style=\"letter-spacing: 0.2px;\">Para Postular En L\u00ednea, Seleccione El Bot\u00f3n De Solicitud A Continuaci\u00f3n.<\/span><\/p>\t\t\t\t\t\t\t\t<\/div>\n\t\t\t\t<\/div>\n\t\t\t\t\t<\/div>\n\t\t<\/div>\n\t\t\t\t\t<\/div>\n\t\t<\/section>\n\t\t\t\t<section class=\"elementor-section elementor-top-section elementor-element elementor-element-5906c17 elementor-section-boxed elementor-section-height-default elementor-section-height-default\" data-id=\"5906c17\" data-element_type=\"section\" data-e-type=\"section\">\n\t\t\t\t\t\t<div class=\"elementor-container elementor-column-gap-default\">\n\t\t\t\t\t<div class=\"elementor-column elementor-col-100 elementor-top-column elementor-element elementor-element-a075c69\" data-id=\"a075c69\" data-element_type=\"column\" data-e-type=\"column\">\n\t\t\t<div class=\"elementor-widget-wrap elementor-element-populated\">\n\t\t\t\t\t\t<div class=\"elementor-element elementor-element-befe0d5 elementor-align-left elementor-widget elementor-widget-button\" data-id=\"befe0d5\" data-element_type=\"widget\" data-e-type=\"widget\" data-widget_type=\"button.default\">\n\t\t\t\t<div class=\"elementor-widget-container\">\n\t\t\t\t\t\t\t\t\t<div class=\"elementor-button-wrapper\">\n\t\t\t\t\t<a class=\"elementor-button elementor-button-link elementor-size-sm\" href=\"https:\/\/nixlaw.com\/scholarships\/legal-scholarship-award\/\">\n\t\t\t\t\t\t<span class=\"elementor-button-content-wrapper\">\n\t\t\t\t\t\t\t\t\t<span class=\"elementor-button-text\">Solicitud De Beca Legal<\/span>\n\t\t\t\t\t<\/span>\n\t\t\t\t\t<\/a>\n\t\t\t\t<\/div>\n\t\t\t\t\t\t\t\t<\/div>\n\t\t\t\t<\/div>\n\t\t\t\t\t<\/div>\n\t\t<\/div>\n\t\t\t\t\t<\/div>\n\t\t<\/section>\n\t\t\t\t<\/div>\n\t\t","protected":false},"excerpt":{"rendered":"<p>Becas Programa De Becas De Nix Patterson Nix Patterson Se Enorgullece De Apoyar La Educaci\u00f3n Y El Progreso De Las Futuras Generaciones En Su B\u00fasqueda De La Excelencia Y El Liderazgo. Como Bufete De Abogados Nacional Comprometido Con La Justicia, La Integridad Y El Impacto En La Comunidad, Nix Patterson Cree Que Empoderar A Los [&hellip;]<\/p>\n","protected":false},"author":1,"featured_media":0,"parent":0,"menu_order":0,"comment_status":"closed","ping_status":"closed","template":"","meta":{"_acf_changed":false,"footnotes":""},"class_list":["post-6436","page","type-page","status-publish","hentry"],"acf":[],"yoast_head":"<!-- This site is optimized with the Yoast SEO plugin v27.4 - https:\/\/yoast.com\/product\/yoast-seo-wordpress\/ -->\n<title>Becas | Nix Patterson, LLP<\/title>\n<meta name=\"robots\" content=\"index, follow, max-snippet:-1, max-image-preview:large, max-video-preview:-1\" \/>\n<link rel=\"canonical\" href=\"https:\/\/nixlaw.com\/es\/becas\/\" \/>\n<meta property=\"og:locale\" content=\"es_ES\" \/>\n<meta property=\"og:type\" content=\"article\" \/>\n<meta property=\"og:title\" content=\"Becas | Nix Patterson, LLP\" \/>\n<meta property=\"og:description\" content=\"Becas Programa De Becas De Nix Patterson Nix Patterson Se Enorgullece De Apoyar La Educaci\u00f3n Y El Progreso De Las Futuras Generaciones En Su B\u00fasqueda De La Excelencia Y El Liderazgo. Como Bufete De Abogados Nacional Comprometido Con La Justicia, La Integridad Y El Impacto En La Comunidad, Nix Patterson Cree Que Empoderar A Los [&hellip;]\" \/>\n<meta property=\"og:url\" content=\"https:\/\/nixlaw.com\/es\/becas\/\" \/>\n<meta property=\"og:site_name\" content=\"Nix Patterson, LLP\" \/>\n<meta property=\"article:publisher\" content=\"https:\/\/www.facebook.com\/Nix-Patterson-Roach-LLP-560328770976672\/\" \/>\n<meta property=\"article:modified_time\" content=\"2026-01-08T03:01:32+00:00\" \/>\n<meta property=\"og:image\" content=\"https:\/\/nixlaw.com\/wp-content\/uploads\/2022\/12\/Screen-Shot-2022-12-23-at-11.58.57-AM.png\" \/>\n\t<meta property=\"og:image:width\" content=\"1522\" \/>\n\t<meta property=\"og:image:height\" content=\"940\" \/>\n\t<meta property=\"og:image:type\" content=\"image\/png\" \/>\n<meta name=\"twitter:card\" content=\"summary_large_image\" \/>\n<meta name=\"twitter:label1\" content=\"Tiempo de lectura\" \/>\n\t<meta name=\"twitter:data1\" content=\"3 minutos\" \/>\n<!-- \/ Yoast SEO plugin. -->","yoast_head_json":{"title":"Becas | Nix Patterson, LLP","robots":{"index":"index","follow":"follow","max-snippet":"max-snippet:-1","max-image-preview":"max-image-preview:large","max-video-preview":"max-video-preview:-1"},"canonical":"https:\/\/nixlaw.com\/es\/becas\/","og_locale":"es_ES","og_type":"article","og_title":"Becas | Nix Patterson, LLP","og_description":"Becas Programa De Becas De Nix Patterson Nix Patterson Se Enorgullece De Apoyar La Educaci\u00f3n Y El Progreso De Las Futuras Generaciones En Su B\u00fasqueda De La Excelencia Y El Liderazgo. Como Bufete De Abogados Nacional Comprometido Con La Justicia, La Integridad Y El Impacto En La Comunidad, Nix Patterson Cree Que Empoderar A Los [&hellip;]","og_url":"https:\/\/nixlaw.com\/es\/becas\/","og_site_name":"Nix Patterson, LLP","article_publisher":"https:\/\/www.facebook.com\/Nix-Patterson-Roach-LLP-560328770976672\/","article_modified_time":"2026-01-08T03:01:32+00:00","og_image":[{"width":1522,"height":940,"url":"https:\/\/nixlaw.com\/wp-content\/uploads\/2022\/12\/Screen-Shot-2022-12-23-at-11.58.57-AM.png","type":"image\/png"}],"twitter_card":"summary_large_image","twitter_misc":{"Tiempo de lectura":"3 minutos"},"schema":{"@context":"https:\/\/schema.org","@graph":[{"@type":"WebPage","@id":"https:\/\/nixlaw.com\/es\/becas\/","url":"https:\/\/nixlaw.com\/es\/becas\/","name":"Becas | Nix Patterson, LLP","isPartOf":{"@id":"https:\/\/nixlaw.com\/#website"},"datePublished":"2025-10-10T03:15:20+00:00","dateModified":"2026-01-08T03:01:32+00:00","breadcrumb":{"@id":"https:\/\/nixlaw.com\/es\/becas\/#breadcrumb"},"inLanguage":"es","potentialAction":[{"@type":"ReadAction","target":["https:\/\/nixlaw.com\/es\/becas\/"]}]},{"@type":"BreadcrumbList","@id":"https:\/\/nixlaw.com\/es\/becas\/#breadcrumb","itemListElement":[{"@type":"ListItem","position":1,"name":"Nix Patterson, LLP","item":"https:\/\/nixlaw.com\/es\/"},{"@type":"ListItem","position":2,"name":"Becas"}]},{"@type":"WebSite","@id":"https:\/\/nixlaw.com\/#website","url":"https:\/\/nixlaw.com\/","name":"Nix Patterson, LLP","description":"A national contingency fee law firm providing litigation strategies and solutions","publisher":{"@id":"https:\/\/nixlaw.com\/#organization"},"alternateName":"Nix Law","potentialAction":[{"@type":"SearchAction","target":{"@type":"EntryPoint","urlTemplate":"https:\/\/nixlaw.com\/?s={search_term_string}"},"query-input":{"@type":"PropertyValueSpecification","valueRequired":true,"valueName":"search_term_string"}}],"inLanguage":"es"},{"@type":"Organization","@id":"https:\/\/nixlaw.com\/#organization","name":"Nix Patterson, LLP","url":"https:\/\/nixlaw.com\/","logo":{"@type":"ImageObject","inLanguage":"es","@id":"https:\/\/nixlaw.com\/#\/schema\/logo\/image\/","url":"https:\/\/nixlaw.com\/wp-content\/uploads\/2022\/12\/cropped-nix-logo-vector-logo-tag.webp","contentUrl":"https:\/\/nixlaw.com\/wp-content\/uploads\/2022\/12\/cropped-nix-logo-vector-logo-tag.webp","width":1198,"height":272,"caption":"Nix Patterson, LLP"},"image":{"@id":"https:\/\/nixlaw.com\/#\/schema\/logo\/image\/"},"sameAs":["https:\/\/www.facebook.com\/Nix-Patterson-Roach-LLP-560328770976672\/","https:\/\/www.linkedin.com\/company\/11394755\/"]}]}},"_links":{"self":[{"href":"https:\/\/nixlaw.com\/es\/wp-json\/wp\/v2\/pages\/6436","targetHints":{"allow":["GET"]}}],"collection":[{"href":"https:\/\/nixlaw.com\/es\/wp-json\/wp\/v2\/pages"}],"about":[{"href":"https:\/\/nixlaw.com\/es\/wp-json\/wp\/v2\/types\/page"}],"author":[{"embeddable":true,"href":"https:\/\/nixlaw.com\/es\/wp-json\/wp\/v2\/users\/1"}],"replies":[{"embeddable":true,"href":"https:\/\/nixlaw.com\/es\/wp-json\/wp\/v2\/comments?post=6436"}],"version-history":[{"count":0,"href":"https:\/\/nixlaw.com\/es\/wp-json\/wp\/v2\/pages\/6436\/revisions"}],"wp:attachment":[{"href":"https:\/\/nixlaw.com\/es\/wp-json\/wp\/v2\/media?parent=6436"}],"curies":[{"name":"wp","href":"https:\/\/api.w.org\/{rel}","templated":true}]}}